{"id":4515,"date":"2016-11-30T19:24:32","date_gmt":"2016-11-30T19:24:32","guid":{"rendered":"https:\/\/eager-pizza.flywheelsites.com\/?page_id=4515"},"modified":"2025-10-10T15:36:32","modified_gmt":"2025-10-10T15:36:32","slug":"acerca-de","status":"publish","type":"page","link":"https:\/\/www.columbuslasikvision.com\/es\/acerca-de\/","title":{"rendered":"Acerca de"},"content":{"rendered":"<p><div class=\"fusion-fullwidth fullwidth-box fusion-builder-row-1 fusion-flex-container nonhundred-percent-fullwidth non-hundred-percent-height-scrolling\" style=\"--awb-border-radius-top-left:0px;--awb-border-radius-top-right:0px;--awb-border-radius-bottom-right:0px;--awb-border-radius-bottom-left:0px;--awb-padding-top:40px;--awb-padding-bottom:40px;--awb-background-color:var(--awb-color1);--awb-flex-wrap:wrap;\" ><div class=\"fusion-builder-row fusion-row fusion-flex-align-items-flex-start fusion-flex-content-wrap\" style=\"max-width:1560px;margin-left: calc(-4% \/ 2 );margin-right: calc(-4% \/ 2 );\"><div class=\"fusion-layout-column fusion_builder_column fusion-builder-column-0 fusion_builder_column_1_1 1_1 fusion-flex-column\" style=\"--awb-bg-size:cover;--awb-width-large:100%;--awb-margin-top-large:0px;--awb-spacing-right-large:1.92%;--awb-margin-bottom-large:20px;--awb-spacing-left-large:1.92%;--awb-width-medium:100%;--awb-order-medium:0;--awb-spacing-right-medium:1.92%;--awb-spacing-left-medium:1.92%;--awb-width-small:100%;--awb-order-small:0;--awb-spacing-right-small:1.92%;--awb-spacing-left-small:1.92%;\"><div class=\"fusion-column-wrapper fusion-column-has-shadow fusion-flex-justify-content-flex-start fusion-content-layout-column\"><span><span><a href=\"https:\/\/www.columbuslasikvision.com\/es\/\">Home<\/a><\/span><\/span><\/div><\/div><div class=\"fusion-layout-column fusion_builder_column fusion-builder-column-1 fusion_builder_column_1_1 1_1 fusion-flex-column\" style=\"--awb-bg-size:cover;--awb-width-large:100%;--awb-margin-top-large:0px;--awb-spacing-right-large:1.92%;--awb-margin-bottom-large:20px;--awb-spacing-left-large:1.92%;--awb-width-medium:100%;--awb-order-medium:0;--awb-spacing-right-medium:1.92%;--awb-spacing-left-medium:1.92%;--awb-width-small:100%;--awb-order-small:0;--awb-spacing-right-small:1.92%;--awb-spacing-left-small:1.92%;\"><div class=\"fusion-column-wrapper fusion-column-has-shadow fusion-flex-justify-content-flex-start fusion-content-layout-column\"><div class=\"fusion-title title fusion-title-1 fusion-sep-none fusion-title-text fusion-title-size-one\" style=\"--awb-text-color:#0b2141;--awb-font-size:35px;\"><h1 class=\"fusion-title-heading title-heading-left fusion-responsive-typography-calculated\" style=\"margin:0;font-size:1em;--fontSize:35;line-height:1.2;\">Acerca de Columbus LASIK Vision<\/h1><\/div><\/div><\/div><div class=\"fusion-layout-column fusion_builder_column fusion-builder-column-2 fusion_builder_column_1_1 1_1 fusion-flex-column\" style=\"--awb-bg-blend:overlay;--awb-bg-size:cover;--awb-width-large:100%;--awb-margin-top-large:0px;--awb-spacing-right-large:1.92%;--awb-margin-bottom-large:20px;--awb-spacing-left-large:1.92%;--awb-width-medium:100%;--awb-spacing-right-medium:1.92%;--awb-spacing-left-medium:1.92%;--awb-width-small:100%;--awb-spacing-right-small:1.92%;--awb-spacing-left-small:1.92%;\"><div class=\"fusion-column-wrapper fusion-flex-justify-content-flex-start fusion-content-layout-column\"><div class=\"fusion-text fusion-text-1\"><p>Columbus LASIK Vision fue fundada por nuestro cirujano, William F. Columbus M.D., en el a\u00f1o 2000. Desde entonces, nuestra pr\u00e1ctica ha crecido enormemente en la regi\u00f3n tri-estatal. Columbus LASIK Vision ofrece la mejor cirug\u00eda LASIK utilizando la tecnolog\u00eda m\u00e1s avanzada disponible. Nuestro equipo ha realizado m\u00e1s de 25,000 cirug\u00edas LASIK desde que el procedimiento fue aprobado por la FDA en 1996.<\/p>\n<p>Nuestra pr\u00e1ctica ofrece un LASIK de calidad superior a precios accesibles y todo incluido, que contemplan la consulta, los ex\u00e1menes postoperatorios, las f\u00f3rmulas \u00f3pticas y los retoques, si son necesarios. El conocimiento y la experiencia del Dr. Columbus en correcci\u00f3n visual con l\u00e1ser son extensos. \u00c9l est\u00e1 a la vanguardia de la \u00faltima generaci\u00f3n de tecnolog\u00eda l\u00e1ser y su lema es: \u201cVisi\u00f3n excelente para cada paciente y para cada ojo\u201d.<\/p>\n<\/div><\/div><\/div><\/div><\/div><div class=\"fusion-fullwidth fullwidth-box fusion-builder-row-2 fusion-flex-container hundred-percent-fullwidth non-hundred-percent-height-scrolling fusion-animated\" style=\"--awb-border-radius-top-left:0px;--awb-border-radius-top-right:0px;--awb-border-radius-bottom-right:0px;--awb-border-radius-bottom-left:0px;--awb-padding-top:20px;--awb-padding-right:20px;--awb-padding-bottom:15px;--awb-padding-left:20px;--awb-min-height:140px;--awb-background-color:var(--awb-custom_color_1);--awb-flex-wrap:wrap;\" data-animationType=\"fadeIn\" data-animationDuration=\"1.0\" data-animationOffset=\"top-into-view\" id=\"WHYYYYY\" ><div class=\"fusion-builder-row fusion-row fusion-flex-align-items-center fusion-flex-justify-content-center fusion-flex-content-wrap\" style=\"width:104% !important;max-width:104% !important;margin-left: calc(-4% \/ 2 );margin-right: calc(-4% \/ 2 );\"><div class=\"fusion-layout-column fusion_builder_column fusion-builder-column-3 fusion_builder_column_1_1 1_1 fusion-flex-column fusion-flex-align-self-center\" style=\"--awb-bg-size:cover;--awb-width-large:100%;--awb-margin-top-large:0px;--awb-spacing-right-large:1.92%;--awb-margin-bottom-large:0px;--awb-spacing-left-large:1.92%;--awb-width-medium:100%;--awb-order-medium:0;--awb-spacing-right-medium:1.92%;--awb-spacing-left-medium:1.92%;--awb-width-small:100%;--awb-order-small:0;--awb-spacing-right-small:1.92%;--awb-spacing-left-small:1.92%;\"><div class=\"fusion-column-wrapper fusion-column-has-shadow fusion-flex-justify-content-center fusion-content-layout-column\"><div class=\"fusion-text fusion-text-2 fusion-text-no-margin\" style=\"--awb-content-alignment:center;--awb-font-size:35px;--awb-line-height:36px;--awb-text-color:var(--awb-color1);--awb-margin-bottom:5px;--awb-text-font-family:&quot;AvenirNextBold&quot;;--awb-text-font-style:normal;--awb-text-font-weight:400;\" id=\"blue-ribbon-text\"><p><em>LA MEJOR <span id=\"orange-txt\">TECNOLOG\u00cdA<\/span> AL MEJOR <span id=\"orange-txt\"> PRECIO<\/span>!<\/em><\/p>\n<\/div><div class=\"fusion-text fusion-text-3\" style=\"--awb-content-alignment:center;--awb-font-size:26px;--awb-line-height:36px;--awb-text-color:var(--awb-color1);--awb-text-font-family:&quot;AvenirNextDemiBold&quot;;--awb-text-font-style:normal;--awb-text-font-weight:400;\" id=\"blue-ribbon-description\"><p>No te conformes con tecnolog\u00eda obsoleta por $6,000 cuando en nuestro centro puedes acceder al m\u00e1s avanzado CONTOURA LASIK por la mitad de precio.<\/p>\n<\/div><\/div><\/div><\/div><\/div>\n<div class=\"fusion-fullwidth fullwidth-box fusion-builder-row-3 fusion-flex-container nonhundred-percent-fullwidth non-hundred-percent-height-scrolling\" style=\"--awb-border-radius-top-left:0px;--awb-border-radius-top-right:0px;--awb-border-radius-bottom-right:0px;--awb-border-radius-bottom-left:0px;--awb-padding-top:50px;--awb-padding-bottom:40px;--awb-padding-top-small:30px;--awb-background-color:var(--awb-color1);--awb-flex-wrap:wrap;\" ><div class=\"fusion-builder-row fusion-row fusion-flex-align-items-flex-start fusion-flex-content-wrap\" style=\"max-width:1560px;margin-left: calc(-4% \/ 2 );margin-right: calc(-4% \/ 2 );\"><div class=\"fusion-layout-column fusion_builder_column fusion-builder-column-4 fusion_builder_column_1_2 1_2 fusion-flex-column\" style=\"--awb-bg-blend:overlay;--awb-bg-size:cover;--awb-width-large:50%;--awb-margin-top-large:0px;--awb-spacing-right-large:3.84%;--awb-margin-bottom-large:20px;--awb-spacing-left-large:3.84%;--awb-width-medium:100%;--awb-spacing-right-medium:1.92%;--awb-spacing-left-medium:1.92%;--awb-width-small:100%;--awb-spacing-right-small:1.92%;--awb-spacing-left-small:1.92%;\"><div class=\"fusion-column-wrapper fusion-flex-justify-content-flex-start fusion-content-layout-column\"><div class=\"fusion-image-element \" style=\"text-align:center;--awb-caption-title-font-family:var(--h2_typography-font-family);--awb-caption-title-font-weight:var(--h2_typography-font-weight);--awb-caption-title-font-style:var(--h2_typography-font-style);--awb-caption-title-size:var(--h2_typography-font-size);--awb-caption-title-transform:var(--h2_typography-text-transform);--awb-caption-title-line-height:var(--h2_typography-line-height);--awb-caption-title-letter-spacing:var(--h2_typography-letter-spacing);\"><span class=\" fusion-imageframe imageframe-glow imageframe-1 hover-type-none\" style=\"border:12px solid #ffffff;-webkit-box-shadow: 0 0 3px rgba(25,25,25,0.5);box-shadow: 0 0 3px rgba(25,25,25,0.5);\"><img decoding=\"async\" width=\"581\" height=\"398\" title=\"about-us-1\" src=\"https:\/\/www.columbuslasikvision.com\/wp-content\/uploads\/2019\/01\/about-us-1.png\" alt class=\"img-responsive wp-image-4519\" srcset=\"https:\/\/www.columbuslasikvision.com\/wp-content\/uploads\/2019\/01\/about-us-1-200x137.png 200w, https:\/\/www.columbuslasikvision.com\/wp-content\/uploads\/2019\/01\/about-us-1-400x274.png 400w, https:\/\/www.columbuslasikvision.com\/wp-content\/uploads\/2019\/01\/about-us-1.png 581w\" sizes=\"(max-width: 1024px) 100vw, (max-width: 640px) 100vw, 581px\" \/><\/span><\/div><\/div><\/div><div class=\"fusion-layout-column fusion_builder_column fusion-builder-column-5 fusion_builder_column_1_2 1_2 fusion-flex-column about-img2\" style=\"--awb-bg-blend:overlay;--awb-bg-size:cover;--awb-width-large:50%;--awb-margin-top-large:0px;--awb-spacing-right-large:3.84%;--awb-margin-bottom-large:20px;--awb-spacing-left-large:3.84%;--awb-width-medium:100%;--awb-spacing-right-medium:1.92%;--awb-spacing-left-medium:1.92%;--awb-width-small:100%;--awb-spacing-right-small:1.92%;--awb-spacing-left-small:1.92%;\"><div class=\"fusion-column-wrapper fusion-flex-justify-content-flex-start fusion-content-layout-column\"><div class=\"fusion-image-element \" style=\"text-align:center;--awb-caption-title-font-family:var(--h2_typography-font-family);--awb-caption-title-font-weight:var(--h2_typography-font-weight);--awb-caption-title-font-style:var(--h2_typography-font-style);--awb-caption-title-size:var(--h2_typography-font-size);--awb-caption-title-transform:var(--h2_typography-text-transform);--awb-caption-title-line-height:var(--h2_typography-line-height);--awb-caption-title-letter-spacing:var(--h2_typography-letter-spacing);\"><span class=\" fusion-imageframe imageframe-glow imageframe-2 hover-type-none\" style=\"border:12px solid #ffffff;-webkit-box-shadow: 0 0 3px rgba(25,25,25,0.5);box-shadow: 0 0 3px rgba(25,25,25,0.5);\"><img decoding=\"async\" width=\"545\" height=\"398\" title=\"about-us-2\" src=\"https:\/\/www.columbuslasikvision.com\/wp-content\/uploads\/2019\/01\/about-us-2.png\" alt class=\"img-responsive wp-image-4520\" srcset=\"https:\/\/www.columbuslasikvision.com\/wp-content\/uploads\/2019\/01\/about-us-2-200x146.png 200w, https:\/\/www.columbuslasikvision.com\/wp-content\/uploads\/2019\/01\/about-us-2-400x292.png 400w, https:\/\/www.columbuslasikvision.com\/wp-content\/uploads\/2019\/01\/about-us-2.png 545w\" sizes=\"(max-width: 1024px) 100vw, (max-width: 640px) 100vw, 545px\" \/><\/span><\/div><\/div><\/div><div class=\"fusion-layout-column fusion_builder_column fusion-builder-column-6 fusion_builder_column_1_2 1_2 fusion-flex-column\" style=\"--awb-bg-blend:overlay;--awb-bg-size:cover;--awb-width-large:50%;--awb-margin-top-large:0px;--awb-spacing-right-large:3.84%;--awb-margin-bottom-large:20px;--awb-spacing-left-large:3.84%;--awb-width-medium:100%;--awb-spacing-right-medium:1.92%;--awb-spacing-left-medium:1.92%;--awb-width-small:100%;--awb-spacing-right-small:1.92%;--awb-spacing-left-small:1.92%;\"><div class=\"fusion-column-wrapper fusion-flex-justify-content-flex-start fusion-content-layout-column\"><div class=\"fusion-image-element \" style=\"text-align:center;--awb-caption-title-font-family:var(--h2_typography-font-family);--awb-caption-title-font-weight:var(--h2_typography-font-weight);--awb-caption-title-font-style:var(--h2_typography-font-style);--awb-caption-title-size:var(--h2_typography-font-size);--awb-caption-title-transform:var(--h2_typography-text-transform);--awb-caption-title-line-height:var(--h2_typography-line-height);--awb-caption-title-letter-spacing:var(--h2_typography-letter-spacing);\"><span class=\" fusion-imageframe imageframe-glow imageframe-3 hover-type-none\" style=\"border:12px solid #ffffff;-webkit-box-shadow: 0 0 3px rgba(25,25,25,0.5);box-shadow: 0 0 3px rgba(25,25,25,0.5);\"><img decoding=\"async\" width=\"581\" height=\"376\" title=\"about-us-3\" src=\"https:\/\/www.columbuslasikvision.com\/wp-content\/uploads\/2019\/01\/about-us-3.png\" alt class=\"img-responsive wp-image-4521\" srcset=\"https:\/\/www.columbuslasikvision.com\/wp-content\/uploads\/2019\/01\/about-us-3-200x129.png 200w, https:\/\/www.columbuslasikvision.com\/wp-content\/uploads\/2019\/01\/about-us-3-400x259.png 400w, https:\/\/www.columbuslasikvision.com\/wp-content\/uploads\/2019\/01\/about-us-3.png 581w\" sizes=\"(max-width: 1024px) 100vw, (max-width: 640px) 100vw, 581px\" \/><\/span><\/div><\/div><\/div><div class=\"fusion-layout-column fusion_builder_column fusion-builder-column-7 fusion_builder_column_1_2 1_2 fusion-flex-column about-img4\" style=\"--awb-bg-blend:overlay;--awb-bg-size:cover;--awb-width-large:50%;--awb-margin-top-large:0px;--awb-spacing-right-large:3.84%;--awb-margin-bottom-large:20px;--awb-spacing-left-large:3.84%;--awb-width-medium:100%;--awb-spacing-right-medium:1.92%;--awb-spacing-left-medium:1.92%;--awb-width-small:100%;--awb-spacing-right-small:1.92%;--awb-spacing-left-small:1.92%;\"><div class=\"fusion-column-wrapper fusion-flex-justify-content-flex-start fusion-content-layout-column\"><div class=\"fusion-image-element \" style=\"text-align:center;--awb-caption-title-font-family:var(--h2_typography-font-family);--awb-caption-title-font-weight:var(--h2_typography-font-weight);--awb-caption-title-font-style:var(--h2_typography-font-style);--awb-caption-title-size:var(--h2_typography-font-size);--awb-caption-title-transform:var(--h2_typography-text-transform);--awb-caption-title-line-height:var(--h2_typography-line-height);--awb-caption-title-letter-spacing:var(--h2_typography-letter-spacing);\"><span class=\" fusion-imageframe imageframe-glow imageframe-4 hover-type-none\" style=\"border:12px solid #ffffff;-webkit-box-shadow: 0 0 3px rgba(25,25,25,0.5);box-shadow: 0 0 3px rgba(25,25,25,0.5);\"><img decoding=\"async\" width=\"548\" height=\"374\" title=\"about-us-4\" src=\"https:\/\/www.columbuslasikvision.com\/wp-content\/uploads\/2019\/01\/about-us-4.png\" alt class=\"img-responsive wp-image-4522\" srcset=\"https:\/\/www.columbuslasikvision.com\/wp-content\/uploads\/2019\/01\/about-us-4-200x136.png 200w, https:\/\/www.columbuslasikvision.com\/wp-content\/uploads\/2019\/01\/about-us-4-400x273.png 400w, https:\/\/www.columbuslasikvision.com\/wp-content\/uploads\/2019\/01\/about-us-4.png 548w\" sizes=\"(max-width: 1024px) 100vw, (max-width: 640px) 100vw, 548px\" \/><\/span><\/div><\/div><\/div><\/div><\/div><\/p>\n","protected":false},"excerpt":{"rendered":"","protected":false},"author":9,"featured_media":0,"parent":0,"menu_order":0,"comment_status":"closed","ping_status":"closed","template":"100-width.php","meta":{"footnotes":""},"class_list":["post-4515","page","type-page","status-publish","hentry"],"yoast_head":"<!-- This site is optimized with the Yoast SEO plugin v27.5 - https:\/\/yoast.com\/product\/yoast-seo-wordpress\/ -->\n<title>Acerca de Columbus LASIK Vision \u2013 Cirug\u00eda LASIK Avanzada y Accesible<\/title>\n<meta name=\"description\" content=\"Conoce al Dr. William Columbus y nuestra trayectoria de m\u00e1s de 25,000 cirug\u00edas LASIK exitosas. Tecnolog\u00eda de punta, atenci\u00f3n personalizada y precios accesibles en el \u00e1rea tri-estatal.\" \/>\n<meta name=\"robots\" content=\"index, follow, max-snippet:-1, max-image-preview:large, max-video-preview:-1\" \/>\n<link rel=\"canonical\" href=\"https:\/\/www.columbuslasikvision.com\/es\/acerca-de\/\" \/>\n<meta property=\"og:locale\" content=\"es_ES\" \/>\n<meta property=\"og:type\" content=\"article\" \/>\n<meta property=\"og:title\" content=\"Acerca de Columbus LASIK Vision \u2013 Cirug\u00eda LASIK Avanzada y Accesible\" \/>\n<meta property=\"og:description\" content=\"Conoce al Dr. William Columbus y nuestra trayectoria de m\u00e1s de 25,000 cirug\u00edas LASIK exitosas. Tecnolog\u00eda de punta, atenci\u00f3n personalizada y precios accesibles en el \u00e1rea tri-estatal.\" \/>\n<meta property=\"og:url\" content=\"https:\/\/www.columbuslasikvision.com\/es\/acerca-de\/\" \/>\n<meta property=\"og:site_name\" content=\"Columbus Lasik Vision Centers\" \/>\n<meta property=\"article:modified_time\" content=\"2025-10-10T15:36:32+00:00\" \/>\n<meta property=\"og:image\" content=\"https:\/\/www.columbuslasikvision.com\/wp-content\/uploads\/2019\/03\/social-logo.png\" \/>\n<meta name=\"twitter:card\" content=\"summary_large_image\" \/>\n<meta name=\"twitter:image\" content=\"https:\/\/www.columbuslasikvision.com\/wp-content\/uploads\/2019\/03\/social-logo.png\" \/>\n<meta name=\"twitter:label1\" content=\"Tiempo de lectura\" \/>\n\t<meta name=\"twitter:data1\" content=\"2 minutos\" \/>\n<script type=\"application\/ld+json\" class=\"yoast-schema-graph\">{\"@context\":\"https:\\\/\\\/schema.org\",\"@graph\":[{\"@type\":\"WebPage\",\"@id\":\"https:\\\/\\\/www.columbuslasikvision.com\\\/es\\\/acerca-de\\\/\",\"url\":\"https:\\\/\\\/www.columbuslasikvision.com\\\/es\\\/acerca-de\\\/\",\"name\":\"Acerca de Columbus LASIK Vision \u2013 Cirug\u00eda LASIK Avanzada y Accesible\",\"isPartOf\":{\"@id\":\"https:\\\/\\\/www.columbuslasikvision.com\\\/#website\"},\"datePublished\":\"2016-11-30T19:24:32+00:00\",\"dateModified\":\"2025-10-10T15:36:32+00:00\",\"description\":\"Conoce al Dr. William Columbus y nuestra trayectoria de m\u00e1s de 25,000 cirug\u00edas LASIK exitosas. Tecnolog\u00eda de punta, atenci\u00f3n personalizada y precios accesibles en el \u00e1rea tri-estatal.\",\"breadcrumb\":{\"@id\":\"https:\\\/\\\/www.columbuslasikvision.com\\\/es\\\/acerca-de\\\/#breadcrumb\"},\"inLanguage\":\"es\",\"potentialAction\":[{\"@type\":\"ReadAction\",\"target\":[\"https:\\\/\\\/www.columbuslasikvision.com\\\/es\\\/acerca-de\\\/\"]}]},{\"@type\":\"BreadcrumbList\",\"@id\":\"https:\\\/\\\/www.columbuslasikvision.com\\\/es\\\/acerca-de\\\/#breadcrumb\",\"itemListElement\":[{\"@type\":\"ListItem\",\"position\":1,\"name\":\"Home\",\"item\":\"https:\\\/\\\/www.columbuslasikvision.com\\\/es\\\/\"},{\"@type\":\"ListItem\",\"position\":2,\"name\":\"Acerca de\"}]},{\"@type\":\"WebSite\",\"@id\":\"https:\\\/\\\/www.columbuslasikvision.com\\\/#website\",\"url\":\"https:\\\/\\\/www.columbuslasikvision.com\\\/\",\"name\":\"Columbus LASIK Vision, Philadelphia\",\"description\":\"Quality LASIK $999 per eye\",\"publisher\":{\"@id\":\"https:\\\/\\\/www.columbuslasikvision.com\\\/#organization\"},\"potentialAction\":[{\"@type\":\"SearchAction\",\"target\":{\"@type\":\"EntryPoint\",\"urlTemplate\":\"https:\\\/\\\/www.columbuslasikvision.com\\\/?s={search_term_string}\"},\"query-input\":{\"@type\":\"PropertyValueSpecification\",\"valueRequired\":true,\"valueName\":\"search_term_string\"}}],\"inLanguage\":\"es\"},{\"@type\":\"Organization\",\"@id\":\"https:\\\/\\\/www.columbuslasikvision.com\\\/#organization\",\"name\":\"Columbus Lasik Vision\",\"url\":\"https:\\\/\\\/www.columbuslasikvision.com\\\/\",\"logo\":{\"@type\":\"ImageObject\",\"inLanguage\":\"es\",\"@id\":\"https:\\\/\\\/www.columbuslasikvision.com\\\/#\\\/schema\\\/logo\\\/image\\\/\",\"url\":\"https:\\\/\\\/www.columbuslasikvision.com\\\/wp-content\\\/uploads\\\/2019\\\/03\\\/social-logo.png\",\"contentUrl\":\"https:\\\/\\\/www.columbuslasikvision.com\\\/wp-content\\\/uploads\\\/2019\\\/03\\\/social-logo.png\",\"width\":1200,\"height\":630,\"caption\":\"Columbus Lasik Vision\"},\"image\":{\"@id\":\"https:\\\/\\\/www.columbuslasikvision.com\\\/#\\\/schema\\\/logo\\\/image\\\/\"}}]}<\/script>\n<!-- \/ Yoast SEO plugin. -->","yoast_head_json":{"title":"Acerca de Columbus LASIK Vision \u2013 Cirug\u00eda LASIK Avanzada y Accesible","description":"Conoce al Dr. William Columbus y nuestra trayectoria de m\u00e1s de 25,000 cirug\u00edas LASIK exitosas. Tecnolog\u00eda de punta, atenci\u00f3n personalizada y precios accesibles en el \u00e1rea tri-estatal.","robots":{"index":"index","follow":"follow","max-snippet":"max-snippet:-1","max-image-preview":"max-image-preview:large","max-video-preview":"max-video-preview:-1"},"canonical":"https:\/\/www.columbuslasikvision.com\/es\/acerca-de\/","og_locale":"es_ES","og_type":"article","og_title":"Acerca de Columbus LASIK Vision \u2013 Cirug\u00eda LASIK Avanzada y Accesible","og_description":"Conoce al Dr. William Columbus y nuestra trayectoria de m\u00e1s de 25,000 cirug\u00edas LASIK exitosas. Tecnolog\u00eda de punta, atenci\u00f3n personalizada y precios accesibles en el \u00e1rea tri-estatal.","og_url":"https:\/\/www.columbuslasikvision.com\/es\/acerca-de\/","og_site_name":"Columbus Lasik Vision Centers","article_modified_time":"2025-10-10T15:36:32+00:00","og_image":[{"url":"https:\/\/www.columbuslasikvision.com\/wp-content\/uploads\/2019\/03\/social-logo.png","type":"","width":"","height":""}],"twitter_card":"summary_large_image","twitter_image":"https:\/\/www.columbuslasikvision.com\/wp-content\/uploads\/2019\/03\/social-logo.png","twitter_misc":{"Tiempo de lectura":"2 minutos"},"schema":{"@context":"https:\/\/schema.org","@graph":[{"@type":"WebPage","@id":"https:\/\/www.columbuslasikvision.com\/es\/acerca-de\/","url":"https:\/\/www.columbuslasikvision.com\/es\/acerca-de\/","name":"Acerca de Columbus LASIK Vision \u2013 Cirug\u00eda LASIK Avanzada y Accesible","isPartOf":{"@id":"https:\/\/www.columbuslasikvision.com\/#website"},"datePublished":"2016-11-30T19:24:32+00:00","dateModified":"2025-10-10T15:36:32+00:00","description":"Conoce al Dr. William Columbus y nuestra trayectoria de m\u00e1s de 25,000 cirug\u00edas LASIK exitosas. Tecnolog\u00eda de punta, atenci\u00f3n personalizada y precios accesibles en el \u00e1rea tri-estatal.","breadcrumb":{"@id":"https:\/\/www.columbuslasikvision.com\/es\/acerca-de\/#breadcrumb"},"inLanguage":"es","potentialAction":[{"@type":"ReadAction","target":["https:\/\/www.columbuslasikvision.com\/es\/acerca-de\/"]}]},{"@type":"BreadcrumbList","@id":"https:\/\/www.columbuslasikvision.com\/es\/acerca-de\/#breadcrumb","itemListElement":[{"@type":"ListItem","position":1,"name":"Home","item":"https:\/\/www.columbuslasikvision.com\/es\/"},{"@type":"ListItem","position":2,"name":"Acerca de"}]},{"@type":"WebSite","@id":"https:\/\/www.columbuslasikvision.com\/#website","url":"https:\/\/www.columbuslasikvision.com\/","name":"Columbus LASIK Vision, Philadelphia","description":"Quality LASIK $999 per eye","publisher":{"@id":"https:\/\/www.columbuslasikvision.com\/#organization"},"potentialAction":[{"@type":"SearchAction","target":{"@type":"EntryPoint","urlTemplate":"https:\/\/www.columbuslasikvision.com\/?s={search_term_string}"},"query-input":{"@type":"PropertyValueSpecification","valueRequired":true,"valueName":"search_term_string"}}],"inLanguage":"es"},{"@type":"Organization","@id":"https:\/\/www.columbuslasikvision.com\/#organization","name":"Columbus Lasik Vision","url":"https:\/\/www.columbuslasikvision.com\/","logo":{"@type":"ImageObject","inLanguage":"es","@id":"https:\/\/www.columbuslasikvision.com\/#\/schema\/logo\/image\/","url":"https:\/\/www.columbuslasikvision.com\/wp-content\/uploads\/2019\/03\/social-logo.png","contentUrl":"https:\/\/www.columbuslasikvision.com\/wp-content\/uploads\/2019\/03\/social-logo.png","width":1200,"height":630,"caption":"Columbus Lasik Vision"},"image":{"@id":"https:\/\/www.columbuslasikvision.com\/#\/schema\/logo\/image\/"}}]}},"_links":{"self":[{"href":"https:\/\/www.columbuslasikvision.com\/es\/wp-json\/wp\/v2\/pages\/4515","targetHints":{"allow":["GET"]}}],"collection":[{"href":"https:\/\/www.columbuslasikvision.com\/es\/wp-json\/wp\/v2\/pages"}],"about":[{"href":"https:\/\/www.columbuslasikvision.com\/es\/wp-json\/wp\/v2\/types\/page"}],"author":[{"embeddable":true,"href":"https:\/\/www.columbuslasikvision.com\/es\/wp-json\/wp\/v2\/users\/9"}],"replies":[{"embeddable":true,"href":"https:\/\/www.columbuslasikvision.com\/es\/wp-json\/wp\/v2\/comments?post=4515"}],"version-history":[{"count":0,"href":"https:\/\/www.columbuslasikvision.com\/es\/wp-json\/wp\/v2\/pages\/4515\/revisions"}],"wp:attachment":[{"href":"https:\/\/www.columbuslasikvision.com\/es\/wp-json\/wp\/v2\/media?parent=4515"}],"curies":[{"name":"wp","href":"https:\/\/api.w.org\/{rel}","templated":true}]}}