{"id":4524,"date":"2016-11-30T19:26:17","date_gmt":"2016-11-30T19:26:17","guid":{"rendered":"https:\/\/eager-pizza.flywheelsites.com\/?page_id=4524"},"modified":"2025-10-10T15:40:33","modified_gmt":"2025-10-10T15:40:33","slug":"tecnologias-laser","status":"publish","type":"page","link":"https:\/\/www.columbuslasikvision.com\/es\/tecnologias-laser\/","title":{"rendered":"Tecnolog\u00edas L\u00e1ser"},"content":{"rendered":"<p><div class=\"fusion-fullwidth fullwidth-box fusion-builder-row-1 fusion-flex-container nonhundred-percent-fullwidth non-hundred-percent-height-scrolling\" style=\"--awb-border-radius-top-left:0px;--awb-border-radius-top-right:0px;--awb-border-radius-bottom-right:0px;--awb-border-radius-bottom-left:0px;--awb-padding-top:40px;--awb-padding-bottom:30px;--awb-background-color:var(--awb-color1);--awb-flex-wrap:wrap;\" ><div class=\"fusion-builder-row fusion-row fusion-flex-align-items-center fusion-flex-content-wrap\" style=\"max-width:1560px;margin-left: calc(-4% \/ 2 );margin-right: calc(-4% \/ 2 );\"><div class=\"fusion-layout-column fusion_builder_column fusion-builder-column-0 fusion_builder_column_1_1 1_1 fusion-flex-column\" style=\"--awb-bg-size:cover;--awb-width-large:100%;--awb-margin-top-large:0px;--awb-spacing-right-large:1.92%;--awb-margin-bottom-large:20px;--awb-spacing-left-large:1.92%;--awb-width-medium:100%;--awb-order-medium:0;--awb-spacing-right-medium:1.92%;--awb-spacing-left-medium:1.92%;--awb-width-small:100%;--awb-order-small:0;--awb-spacing-right-small:1.92%;--awb-spacing-left-small:1.92%;\"><div class=\"fusion-column-wrapper fusion-column-has-shadow fusion-flex-justify-content-flex-start fusion-content-layout-column\"><span><span><a href=\"https:\/\/www.columbuslasikvision.com\/es\/\">Home<\/a><\/span><\/span><\/div><\/div><div class=\"fusion-layout-column fusion_builder_column fusion-builder-column-1 fusion_builder_column_1_2 1_2 fusion-flex-column\" style=\"--awb-bg-blend:overlay;--awb-bg-size:cover;--awb-width-large:50%;--awb-margin-top-large:0px;--awb-spacing-right-large:3.84%;--awb-margin-bottom-large:20px;--awb-spacing-left-large:3.84%;--awb-width-medium:100%;--awb-spacing-right-medium:1.92%;--awb-spacing-left-medium:1.92%;--awb-width-small:100%;--awb-spacing-right-small:1.92%;--awb-spacing-left-small:1.92%;\"><div class=\"fusion-column-wrapper fusion-flex-justify-content-flex-start fusion-content-layout-column\"><div class=\"fusion-image-element \" style=\"text-align:center;--awb-caption-title-font-family:var(--h2_typography-font-family);--awb-caption-title-font-weight:var(--h2_typography-font-weight);--awb-caption-title-font-style:var(--h2_typography-font-style);--awb-caption-title-size:var(--h2_typography-font-size);--awb-caption-title-transform:var(--h2_typography-text-transform);--awb-caption-title-line-height:var(--h2_typography-line-height);--awb-caption-title-letter-spacing:var(--h2_typography-letter-spacing);\"><span class=\" fusion-imageframe imageframe-glow imageframe-1 hover-type-none\" style=\"border:5px solid #000000;-webkit-box-shadow: 0 0 3px rgba(25,25,25,0.3);box-shadow: 0 0 3px rgba(25,25,25,0.3);\"><img decoding=\"async\" width=\"732\" height=\"517\" alt=\"Laser Vision Correction Technologies\" title=\"laser-tech\" src=\"https:\/\/www.columbuslasikvision.com\/wp-content\/uploads\/2019\/01\/laser-tech.jpg\" class=\"img-responsive wp-image-4525\" srcset=\"https:\/\/www.columbuslasikvision.com\/wp-content\/uploads\/2019\/01\/laser-tech-200x141.jpg 200w, https:\/\/www.columbuslasikvision.com\/wp-content\/uploads\/2019\/01\/laser-tech-400x283.jpg 400w, https:\/\/www.columbuslasikvision.com\/wp-content\/uploads\/2019\/01\/laser-tech-600x424.jpg 600w, https:\/\/www.columbuslasikvision.com\/wp-content\/uploads\/2019\/01\/laser-tech.jpg 732w\" sizes=\"(max-width: 1024px) 100vw, (max-width: 640px) 100vw, 732px\" \/><\/span><\/div><\/div><\/div><div class=\"fusion-layout-column fusion_builder_column fusion-builder-column-2 fusion_builder_column_1_2 1_2 fusion-flex-column\" style=\"--awb-bg-blend:overlay;--awb-bg-size:cover;--awb-width-large:50%;--awb-margin-top-large:0px;--awb-spacing-right-large:3.84%;--awb-margin-bottom-large:20px;--awb-spacing-left-large:3.84%;--awb-width-medium:100%;--awb-spacing-right-medium:1.92%;--awb-spacing-left-medium:1.92%;--awb-width-small:100%;--awb-spacing-right-small:1.92%;--awb-spacing-left-small:1.92%;\"><div class=\"fusion-column-wrapper fusion-flex-justify-content-flex-start fusion-content-layout-column\"><div class=\"fusion-text fusion-text-1\" style=\"--awb-font-size:18px;--awb-line-height:28px;\"><p>En Columbus LASIK Vision ofrecemos tecnolog\u00eda l\u00e1ser de vanguardia y equipos quir\u00fargicos de \u00faltima generaci\u00f3n para lograr los mejores resultados posibles en todos nuestros pacientes. Con el LASIK tradicional utilizamos el l\u00e1ser exc\u00edmero NIDEK EC 5000 con su tecnolog\u00eda patentada de haz l\u00e1ser tipo \u201cscanning slit\u201d, que brinda una correcci\u00f3n visual notable a nuestros pacientes.<\/p>\n<p>Para nuestros procedimientos personalizados y Wavefront, usamos un l\u00e1ser avanzado llamado sistema Allegretto Wavelight. Con su tecnolog\u00eda patentada de haz l\u00e1ser tipo \u201cflying spot\u201d, ofrece resultados excepcionales, tiempos de tratamiento m\u00e1s r\u00e1pidos y menor riesgo de deslumbramiento o halos.<\/p>\n<\/div><\/div><\/div><\/div><\/div><div class=\"fusion-fullwidth fullwidth-box fusion-builder-row-2 fusion-flex-container hundred-percent-fullwidth non-hundred-percent-height-scrolling fusion-animated\" style=\"--awb-border-radius-top-left:0px;--awb-border-radius-top-right:0px;--awb-border-radius-bottom-right:0px;--awb-border-radius-bottom-left:0px;--awb-padding-top:20px;--awb-padding-right:20px;--awb-padding-bottom:15px;--awb-padding-left:20px;--awb-min-height:140px;--awb-background-color:var(--awb-custom_color_1);--awb-flex-wrap:wrap;\" data-animationType=\"fadeIn\" data-animationDuration=\"1.0\" data-animationOffset=\"top-into-view\" id=\"WHYYYYY\" ><div class=\"fusion-builder-row fusion-row fusion-flex-align-items-center fusion-flex-justify-content-center fusion-flex-content-wrap\" style=\"width:104% !important;max-width:104% !important;margin-left: calc(-4% \/ 2 );margin-right: calc(-4% \/ 2 );\"><div class=\"fusion-layout-column fusion_builder_column fusion-builder-column-3 fusion_builder_column_1_1 1_1 fusion-flex-column fusion-flex-align-self-center\" style=\"--awb-bg-size:cover;--awb-width-large:100%;--awb-margin-top-large:0px;--awb-spacing-right-large:1.92%;--awb-margin-bottom-large:0px;--awb-spacing-left-large:1.92%;--awb-width-medium:100%;--awb-order-medium:0;--awb-spacing-right-medium:1.92%;--awb-spacing-left-medium:1.92%;--awb-width-small:100%;--awb-order-small:0;--awb-spacing-right-small:1.92%;--awb-spacing-left-small:1.92%;\"><div class=\"fusion-column-wrapper fusion-column-has-shadow fusion-flex-justify-content-center fusion-content-layout-column\"><div class=\"fusion-text fusion-text-2 fusion-text-no-margin\" style=\"--awb-content-alignment:center;--awb-font-size:35px;--awb-line-height:36px;--awb-text-color:var(--awb-color1);--awb-margin-bottom:5px;--awb-text-font-family:&quot;AvenirNextBold&quot;;--awb-text-font-style:normal;--awb-text-font-weight:400;\" id=\"blue-ribbon-text\"><p><em>LA MEJOR <span id=\"orange-txt\">TECNOLOG\u00cdA<\/span> AL MEJOR <span id=\"orange-txt\"> PRECIO<\/span>!<\/em><\/p>\n<\/div><div class=\"fusion-text fusion-text-3\" style=\"--awb-content-alignment:center;--awb-font-size:26px;--awb-line-height:36px;--awb-text-color:var(--awb-color1);--awb-text-font-family:&quot;AvenirNextDemiBold&quot;;--awb-text-font-style:normal;--awb-text-font-weight:400;\" id=\"blue-ribbon-description\"><p>No te conformes con tecnolog\u00eda obsoleta por $6,000 cuando en nuestro centro puedes acceder al m\u00e1s avanzado CONTOURA LASIK por la mitad de precio.<\/p>\n<\/div><\/div><\/div><\/div><\/div>\n<\/p>\n","protected":false},"excerpt":{"rendered":"","protected":false},"author":9,"featured_media":0,"parent":0,"menu_order":0,"comment_status":"closed","ping_status":"closed","template":"100-width.php","meta":{"footnotes":""},"class_list":["post-4524","page","type-page","status-publish","hentry"],"yoast_head":"<!-- This site is optimized with the Yoast SEO plugin v27.5 - https:\/\/yoast.com\/product\/yoast-seo-wordpress\/ -->\n<title>Tecnolog\u00edas L\u00e1ser Avanzadas en Columbus LASIK Vision<\/title>\n<meta name=\"description\" content=\"Descubre nuestras tecnolog\u00edas l\u00e1ser como NIDEK EC 5000 y Allegretto Wavelight para lograr resultados precisos y seguros. Tratamientos personalizados con lo \u00faltimo en cirug\u00eda ocular.\" \/>\n<meta name=\"robots\" content=\"index, follow, max-snippet:-1, max-image-preview:large, max-video-preview:-1\" \/>\n<link rel=\"canonical\" href=\"https:\/\/www.columbuslasikvision.com\/es\/tecnologias-laser\/\" \/>\n<meta property=\"og:locale\" content=\"es_ES\" \/>\n<meta property=\"og:type\" content=\"article\" \/>\n<meta property=\"og:title\" content=\"Tecnolog\u00edas L\u00e1ser Avanzadas en Columbus LASIK Vision\" \/>\n<meta property=\"og:description\" content=\"Descubre nuestras tecnolog\u00edas l\u00e1ser como NIDEK EC 5000 y Allegretto Wavelight para lograr resultados precisos y seguros. Tratamientos personalizados con lo \u00faltimo en cirug\u00eda ocular.\" \/>\n<meta property=\"og:url\" content=\"https:\/\/www.columbuslasikvision.com\/es\/tecnologias-laser\/\" \/>\n<meta property=\"og:site_name\" content=\"Columbus Lasik Vision Centers\" \/>\n<meta property=\"article:modified_time\" content=\"2025-10-10T15:40:33+00:00\" \/>\n<meta property=\"og:image\" content=\"https:\/\/www.columbuslasikvision.com\/wp-content\/uploads\/2019\/03\/social-logo.png\" \/>\n<meta name=\"twitter:card\" content=\"summary_large_image\" \/>\n<meta name=\"twitter:image\" content=\"https:\/\/www.columbuslasikvision.com\/wp-content\/uploads\/2019\/03\/social-logo.png\" \/>\n<meta name=\"twitter:label1\" content=\"Tiempo de lectura\" \/>\n\t<meta name=\"twitter:data1\" content=\"1 minuto\" \/>\n<script type=\"application\/ld+json\" class=\"yoast-schema-graph\">{\"@context\":\"https:\\\/\\\/schema.org\",\"@graph\":[{\"@type\":\"WebPage\",\"@id\":\"https:\\\/\\\/www.columbuslasikvision.com\\\/es\\\/tecnologias-laser\\\/\",\"url\":\"https:\\\/\\\/www.columbuslasikvision.com\\\/es\\\/tecnologias-laser\\\/\",\"name\":\"Tecnolog\u00edas L\u00e1ser Avanzadas en Columbus LASIK Vision\",\"isPartOf\":{\"@id\":\"https:\\\/\\\/www.columbuslasikvision.com\\\/#website\"},\"datePublished\":\"2016-11-30T19:26:17+00:00\",\"dateModified\":\"2025-10-10T15:40:33+00:00\",\"description\":\"Descubre nuestras tecnolog\u00edas l\u00e1ser como NIDEK EC 5000 y Allegretto Wavelight para lograr resultados precisos y seguros. Tratamientos personalizados con lo \u00faltimo en cirug\u00eda ocular.\",\"breadcrumb\":{\"@id\":\"https:\\\/\\\/www.columbuslasikvision.com\\\/es\\\/tecnologias-laser\\\/#breadcrumb\"},\"inLanguage\":\"es\",\"potentialAction\":[{\"@type\":\"ReadAction\",\"target\":[\"https:\\\/\\\/www.columbuslasikvision.com\\\/es\\\/tecnologias-laser\\\/\"]}]},{\"@type\":\"BreadcrumbList\",\"@id\":\"https:\\\/\\\/www.columbuslasikvision.com\\\/es\\\/tecnologias-laser\\\/#breadcrumb\",\"itemListElement\":[{\"@type\":\"ListItem\",\"position\":1,\"name\":\"Home\",\"item\":\"https:\\\/\\\/www.columbuslasikvision.com\\\/es\\\/\"},{\"@type\":\"ListItem\",\"position\":2,\"name\":\"Tecnolog\u00edas L\u00e1ser\"}]},{\"@type\":\"WebSite\",\"@id\":\"https:\\\/\\\/www.columbuslasikvision.com\\\/#website\",\"url\":\"https:\\\/\\\/www.columbuslasikvision.com\\\/\",\"name\":\"Columbus LASIK Vision, Philadelphia\",\"description\":\"Quality LASIK $999 per eye\",\"publisher\":{\"@id\":\"https:\\\/\\\/www.columbuslasikvision.com\\\/#organization\"},\"potentialAction\":[{\"@type\":\"SearchAction\",\"target\":{\"@type\":\"EntryPoint\",\"urlTemplate\":\"https:\\\/\\\/www.columbuslasikvision.com\\\/?s={search_term_string}\"},\"query-input\":{\"@type\":\"PropertyValueSpecification\",\"valueRequired\":true,\"valueName\":\"search_term_string\"}}],\"inLanguage\":\"es\"},{\"@type\":\"Organization\",\"@id\":\"https:\\\/\\\/www.columbuslasikvision.com\\\/#organization\",\"name\":\"Columbus Lasik Vision\",\"url\":\"https:\\\/\\\/www.columbuslasikvision.com\\\/\",\"logo\":{\"@type\":\"ImageObject\",\"inLanguage\":\"es\",\"@id\":\"https:\\\/\\\/www.columbuslasikvision.com\\\/#\\\/schema\\\/logo\\\/image\\\/\",\"url\":\"https:\\\/\\\/www.columbuslasikvision.com\\\/wp-content\\\/uploads\\\/2019\\\/03\\\/social-logo.png\",\"contentUrl\":\"https:\\\/\\\/www.columbuslasikvision.com\\\/wp-content\\\/uploads\\\/2019\\\/03\\\/social-logo.png\",\"width\":1200,\"height\":630,\"caption\":\"Columbus Lasik Vision\"},\"image\":{\"@id\":\"https:\\\/\\\/www.columbuslasikvision.com\\\/#\\\/schema\\\/logo\\\/image\\\/\"}}]}<\/script>\n<!-- \/ Yoast SEO plugin. -->","yoast_head_json":{"title":"Tecnolog\u00edas L\u00e1ser Avanzadas en Columbus LASIK Vision","description":"Descubre nuestras tecnolog\u00edas l\u00e1ser como NIDEK EC 5000 y Allegretto Wavelight para lograr resultados precisos y seguros. Tratamientos personalizados con lo \u00faltimo en cirug\u00eda ocular.","robots":{"index":"index","follow":"follow","max-snippet":"max-snippet:-1","max-image-preview":"max-image-preview:large","max-video-preview":"max-video-preview:-1"},"canonical":"https:\/\/www.columbuslasikvision.com\/es\/tecnologias-laser\/","og_locale":"es_ES","og_type":"article","og_title":"Tecnolog\u00edas L\u00e1ser Avanzadas en Columbus LASIK Vision","og_description":"Descubre nuestras tecnolog\u00edas l\u00e1ser como NIDEK EC 5000 y Allegretto Wavelight para lograr resultados precisos y seguros. Tratamientos personalizados con lo \u00faltimo en cirug\u00eda ocular.","og_url":"https:\/\/www.columbuslasikvision.com\/es\/tecnologias-laser\/","og_site_name":"Columbus Lasik Vision Centers","article_modified_time":"2025-10-10T15:40:33+00:00","og_image":[{"url":"https:\/\/www.columbuslasikvision.com\/wp-content\/uploads\/2019\/03\/social-logo.png","type":"","width":"","height":""}],"twitter_card":"summary_large_image","twitter_image":"https:\/\/www.columbuslasikvision.com\/wp-content\/uploads\/2019\/03\/social-logo.png","twitter_misc":{"Tiempo de lectura":"1 minuto"},"schema":{"@context":"https:\/\/schema.org","@graph":[{"@type":"WebPage","@id":"https:\/\/www.columbuslasikvision.com\/es\/tecnologias-laser\/","url":"https:\/\/www.columbuslasikvision.com\/es\/tecnologias-laser\/","name":"Tecnolog\u00edas L\u00e1ser Avanzadas en Columbus LASIK Vision","isPartOf":{"@id":"https:\/\/www.columbuslasikvision.com\/#website"},"datePublished":"2016-11-30T19:26:17+00:00","dateModified":"2025-10-10T15:40:33+00:00","description":"Descubre nuestras tecnolog\u00edas l\u00e1ser como NIDEK EC 5000 y Allegretto Wavelight para lograr resultados precisos y seguros. Tratamientos personalizados con lo \u00faltimo en cirug\u00eda ocular.","breadcrumb":{"@id":"https:\/\/www.columbuslasikvision.com\/es\/tecnologias-laser\/#breadcrumb"},"inLanguage":"es","potentialAction":[{"@type":"ReadAction","target":["https:\/\/www.columbuslasikvision.com\/es\/tecnologias-laser\/"]}]},{"@type":"BreadcrumbList","@id":"https:\/\/www.columbuslasikvision.com\/es\/tecnologias-laser\/#breadcrumb","itemListElement":[{"@type":"ListItem","position":1,"name":"Home","item":"https:\/\/www.columbuslasikvision.com\/es\/"},{"@type":"ListItem","position":2,"name":"Tecnolog\u00edas L\u00e1ser"}]},{"@type":"WebSite","@id":"https:\/\/www.columbuslasikvision.com\/#website","url":"https:\/\/www.columbuslasikvision.com\/","name":"Columbus LASIK Vision, Philadelphia","description":"Quality LASIK $999 per eye","publisher":{"@id":"https:\/\/www.columbuslasikvision.com\/#organization"},"potentialAction":[{"@type":"SearchAction","target":{"@type":"EntryPoint","urlTemplate":"https:\/\/www.columbuslasikvision.com\/?s={search_term_string}"},"query-input":{"@type":"PropertyValueSpecification","valueRequired":true,"valueName":"search_term_string"}}],"inLanguage":"es"},{"@type":"Organization","@id":"https:\/\/www.columbuslasikvision.com\/#organization","name":"Columbus Lasik Vision","url":"https:\/\/www.columbuslasikvision.com\/","logo":{"@type":"ImageObject","inLanguage":"es","@id":"https:\/\/www.columbuslasikvision.com\/#\/schema\/logo\/image\/","url":"https:\/\/www.columbuslasikvision.com\/wp-content\/uploads\/2019\/03\/social-logo.png","contentUrl":"https:\/\/www.columbuslasikvision.com\/wp-content\/uploads\/2019\/03\/social-logo.png","width":1200,"height":630,"caption":"Columbus Lasik Vision"},"image":{"@id":"https:\/\/www.columbuslasikvision.com\/#\/schema\/logo\/image\/"}}]}},"_links":{"self":[{"href":"https:\/\/www.columbuslasikvision.com\/es\/wp-json\/wp\/v2\/pages\/4524","targetHints":{"allow":["GET"]}}],"collection":[{"href":"https:\/\/www.columbuslasikvision.com\/es\/wp-json\/wp\/v2\/pages"}],"about":[{"href":"https:\/\/www.columbuslasikvision.com\/es\/wp-json\/wp\/v2\/types\/page"}],"author":[{"embeddable":true,"href":"https:\/\/www.columbuslasikvision.com\/es\/wp-json\/wp\/v2\/users\/9"}],"replies":[{"embeddable":true,"href":"https:\/\/www.columbuslasikvision.com\/es\/wp-json\/wp\/v2\/comments?post=4524"}],"version-history":[{"count":0,"href":"https:\/\/www.columbuslasikvision.com\/es\/wp-json\/wp\/v2\/pages\/4524\/revisions"}],"wp:attachment":[{"href":"https:\/\/www.columbuslasikvision.com\/es\/wp-json\/wp\/v2\/media?parent=4524"}],"curies":[{"name":"wp","href":"https:\/\/api.w.org\/{rel}","templated":true}]}}