{"id":4532,"date":"2016-11-30T21:23:16","date_gmt":"2016-11-30T21:23:16","guid":{"rendered":"https:\/\/eager-pizza.flywheelsites.com\/?page_id=4532"},"modified":"2025-10-10T15:43:22","modified_gmt":"2025-10-10T15:43:22","slug":"sobre-lasik","status":"publish","type":"page","link":"https:\/\/www.columbuslasikvision.com\/es\/sobre-lasik\/","title":{"rendered":"Acerca de LASIK"},"content":{"rendered":"<p><div class=\"fusion-fullwidth fullwidth-box fusion-builder-row-1 fusion-flex-container nonhundred-percent-fullwidth non-hundred-percent-height-scrolling\" style=\"--awb-border-radius-top-left:0px;--awb-border-radius-top-right:0px;--awb-border-radius-bottom-right:0px;--awb-border-radius-bottom-left:0px;--awb-padding-top:40px;--awb-padding-bottom:30px;--awb-background-color:var(--awb-color1);--awb-flex-wrap:wrap;\" ><div class=\"fusion-builder-row fusion-row fusion-flex-align-items-flex-start fusion-flex-content-wrap\" style=\"max-width:1560px;margin-left: calc(-4% \/ 2 );margin-right: calc(-4% \/ 2 );\"><div class=\"fusion-layout-column fusion_builder_column fusion-builder-column-0 fusion_builder_column_1_1 1_1 fusion-flex-column\" style=\"--awb-bg-size:cover;--awb-width-large:100%;--awb-margin-top-large:0px;--awb-spacing-right-large:1.92%;--awb-margin-bottom-large:20px;--awb-spacing-left-large:1.92%;--awb-width-medium:100%;--awb-order-medium:0;--awb-spacing-right-medium:1.92%;--awb-spacing-left-medium:1.92%;--awb-width-small:100%;--awb-order-small:0;--awb-spacing-right-small:1.92%;--awb-spacing-left-small:1.92%;\"><div class=\"fusion-column-wrapper fusion-column-has-shadow fusion-flex-justify-content-flex-start fusion-content-layout-column\"><span><span><a href=\"https:\/\/www.columbuslasikvision.com\/es\/\">Home<\/a><\/span><\/span><\/div><\/div><\/div><\/div><div class=\"fusion-fullwidth fullwidth-box fusion-builder-row-2 fusion-flex-container nonhundred-percent-fullwidth non-hundred-percent-height-scrolling\" style=\"--awb-border-radius-top-left:0px;--awb-border-radius-top-right:0px;--awb-border-radius-bottom-right:0px;--awb-border-radius-bottom-left:0px;--awb-padding-top:40px;--awb-padding-bottom:30px;--awb-background-color:var(--awb-color1);--awb-flex-wrap:wrap;\" ><div class=\"fusion-builder-row fusion-row fusion-flex-align-items-flex-start fusion-flex-justify-content-center fusion-flex-content-wrap\" style=\"max-width:1560px;margin-left: calc(-4% \/ 2 );margin-right: calc(-4% \/ 2 );\"><div class=\"fusion-layout-column fusion_builder_column fusion-builder-column-1 fusion_builder_column_1_1 1_1 fusion-flex-column\" style=\"--awb-padding-top:0px;--awb-bg-blend:overlay;--awb-bg-size:cover;--awb-width-large:100%;--awb-margin-top-large:0px;--awb-spacing-right-large:1.92%;--awb-margin-bottom-large:20px;--awb-spacing-left-large:1.92%;--awb-width-medium:100%;--awb-spacing-right-medium:1.92%;--awb-spacing-left-medium:1.92%;--awb-width-small:100%;--awb-spacing-right-small:1.92%;--awb-spacing-left-small:1.92%;\"><div class=\"fusion-column-wrapper fusion-flex-justify-content-flex-start fusion-content-layout-column\"><div class=\"fusion-text fusion-text-1\"><h2>Antecedentes<\/h2>\n<p>La cirug\u00eda ocular LASIK es un procedimiento revolucionario que se origin\u00f3 en 1998 con el desarrollo de los microquer\u00e1tomos para crear un colgajo LASIK como primera parte del procedimiento. Puede ayudar a pacientes con miop\u00eda, hipermetrop\u00eda y astigmatismo a alcanzar visi\u00f3n 20\/20 sin ayudas visuales.<\/p>\n<p>LASIK, que significa laser-assisted in-situ keratomileusis, puede ser un procedimiento que cambia la vida de muchos pacientes en Filadelfia, Harrisburg y Wilkes-Barre, PA. Los beneficios del LASIK incluyen mejor visi\u00f3n perif\u00e9rica que con gafas, eliminaci\u00f3n de la irritaci\u00f3n causada por los lentes de contacto y una visi\u00f3n m\u00e1s clara y n\u00edtida que la que ofrecen las ayudas visuales. El Dr. Columbus ha estado realizando LASIK en sus consultorios de Filadelfia, Harrisburg y Wilkes-Barre desde el a\u00f1o 2000.<\/p>\n<\/div><div class=\"fusion-text fusion-text-2\"><h2>Sobre el procedimiento<\/h2>\n<p>El procedimiento LASIK es r\u00e1pido: solo toma 3 minutos por ojo y se completa en apenas 6 minutos. Es indoloro, ya que antes se aplican gotas anest\u00e9sicas t\u00f3picas para adormecer el ojo y hacer el proceso c\u00f3modo.<\/p>\n<p>El primer paso consiste en crear un colgajo corneal que preserve la capa externa epitelial de la c\u00f3rnea con un instrumento llamado microquer\u00e1tomo. La preservaci\u00f3n de esta capa permite que el paciente pueda ver con claridad al d\u00eda siguiente. Esta etapa es muy r\u00e1pida y dura solo 10 segundos.<\/p>\n<p>Despu\u00e9s de crear el colgajo, este se levanta para exponer el estroma corneal interno, donde se aplica el l\u00e1ser. El tratamiento de correcci\u00f3n visual con l\u00e1ser consiste en usar un l\u00e1ser para cambiar permanentemente la forma de la c\u00f3rnea, la cubierta transparente que est\u00e1 al frente del ojo. Al ajustar la curvatura de la c\u00f3rnea, la correcci\u00f3n visual con l\u00e1ser mejora la capacidad del ojo para enfocar, permitiendo que muchos pacientes vean claramente sin gafas ni lentes de contacto.<\/p>\n<p>Una vez terminado el procedimiento, el colgajo se coloca nuevamente en su posici\u00f3n normal sobre la nueva curvatura corneal y se deja sanar por s\u00ed solo. La mayor\u00eda de nuestros pacientes de cirug\u00eda ocular LASIK, muchos provenientes de lugares como Manhattan, Filadelfia, Harrisburg y Wilkes-Barre, notan una mejora significativa en su visi\u00f3n inmediatamente despu\u00e9s del procedimiento. La mayor\u00eda incluso puede retomar sus actividades normales, incluyendo conducir, al d\u00eda siguiente de la cirug\u00eda.<\/p>\n<\/div><div class=\"fusion-text fusion-text-3\"><h2>Resultados<\/h2>\n<p>La mayor\u00eda de los pacientes obtiene una alta tasa de \u00e9xito, logrando ver tan claro o incluso m\u00e1s n\u00edtido que con gafas o lentes de contacto. Los porcentajes dependen de la tecnolog\u00eda l\u00e1ser utilizada, de la siguiente manera:<\/p>\n<ul>\n<li>LASIK Tradicional: 90% alcanza visi\u00f3n 20\/20 y 20% alcanza visi\u00f3n 20\/15<\/li>\n<li>LASIK Personalizado (Custom): 95% alcanza visi\u00f3n 20\/20 y 40% alcanza visi\u00f3n 20\/15<\/li>\n<li>LASIK Wavefront: 98% alcanza visi\u00f3n 20\/20 y 60% alcanza visi\u00f3n 20\/15<\/li>\n<\/ul>\n<p>Si deseas reunirte con nuestros doctores para determinar si la cirug\u00eda ocular LASIK es adecuada para ti, comun\u00edcate con nuestras pr\u00e1cticas en Filadelfia, Wilkes-Barre y Harrisburg y agenda una consulta hoy mismo.<\/p>\n<\/div><\/div><\/div><div class=\"fusion-layout-column fusion_builder_column fusion-builder-column-2 fusion_builder_column_1_6 1_6 fusion-flex-column\" style=\"--awb-bg-blend:overlay;--awb-bg-size:cover;--awb-width-large:16.6666666667%;--awb-margin-top-large:0px;--awb-spacing-right-large:11.52%;--awb-margin-bottom-large:20px;--awb-spacing-left-large:11.52%;--awb-width-medium:100%;--awb-spacing-right-medium:1.92%;--awb-spacing-left-medium:1.92%;--awb-width-small:100%;--awb-spacing-right-small:1.92%;--awb-spacing-left-small:1.92%;\"><div class=\"fusion-column-wrapper fusion-flex-justify-content-flex-start fusion-content-layout-column\"><\/div><\/div><div class=\"fusion-layout-column fusion_builder_column fusion-builder-column-3 fusion_builder_column_2_3 2_3 fusion-flex-column fusion-no-small-visibility fusion-no-medium-visibility\" style=\"--awb-bg-blend:overlay;--awb-bg-size:cover;--awb-width-large:66.6666666667%;--awb-margin-top-large:0px;--awb-spacing-right-large:2.88%;--awb-margin-bottom-large:20px;--awb-spacing-left-large:2.88%;--awb-width-medium:100%;--awb-spacing-right-medium:1.92%;--awb-spacing-left-medium:1.92%;--awb-width-small:100%;--awb-spacing-right-small:1.92%;--awb-spacing-left-small:1.92%;\"><div class=\"fusion-column-wrapper fusion-flex-justify-content-flex-start fusion-content-layout-column\"><div class=\"fusion-builder-row fusion-builder-row-inner fusion-row fusion-flex-align-items-flex-start fusion-flex-justify-content-center fusion-flex-content-wrap\" style=\"width:104% !important;max-width:104% !important;margin-left: calc(-4% \/ 2 );margin-right: calc(-4% \/ 2 );\"><div class=\"fusion-layout-column fusion_builder_column_inner fusion-builder-nested-column-0 fusion_builder_column_inner_1_2 1_2 fusion-flex-column\" style=\"--awb-bg-image:url(&#039;https:\/\/www.columbuslasikvision.com\/wp-content\/uploads\/2019\/01\/about-lasik-1.png&#039;);--awb-bg-position:center center;--awb-bg-blend:overlay;--awb-bg-size:cover;--awb-width-large:50%;--awb-margin-top-large:0px;--awb-spacing-right-large:3.84%;--awb-margin-bottom-large:20px;--awb-spacing-left-large:3.84%;--awb-width-medium:100%;--awb-spacing-right-medium:1.92%;--awb-spacing-left-medium:1.92%;--awb-width-small:100%;--awb-spacing-right-small:1.92%;--awb-spacing-left-small:1.92%;\"><div class=\"fusion-column-wrapper fusion-flex-justify-content-flex-start fusion-content-layout-column fusion-empty-column-bg-image fusion-column-has-bg-image\" data-bg-url=\"https:\/\/www.columbuslasikvision.com\/wp-content\/uploads\/2019\/01\/about-lasik-1.png\"><img decoding=\"async\" class=\"fusion-empty-dims-img-placeholder\" aria-label=\"about-lasik-1\" src=\"data:image\/svg+xml,%3Csvg%20xmlns%3D%27http%3A%2F%2Fwww.w3.org%2F2000%2Fsvg%27%20width%3D%27350%27%20height%3D%27228%27%20viewBox%3D%270%200%20350%20228%27%3E%3Crect%20width%3D%27350%27%20height%3D%27228%27%20fill-opacity%3D%220%22%2F%3E%3C%2Fsvg%3E\"><\/div><\/div><div class=\"fusion-layout-column fusion_builder_column_inner fusion-builder-nested-column-1 fusion_builder_column_inner_1_2 1_2 fusion-flex-column rayos-x\" style=\"--awb-bg-image:url(&#039;https:\/\/www.columbuslasikvision.com\/wp-content\/uploads\/2019\/01\/about-lasik-2.png.gif&#039;);--awb-bg-position:center center;--awb-bg-blend:overlay;--awb-bg-size:cover;--awb-width-large:50%;--awb-margin-top-large:0px;--awb-spacing-right-large:3.84%;--awb-margin-bottom-large:20px;--awb-spacing-left-large:3.84%;--awb-width-medium:100%;--awb-spacing-right-medium:1.92%;--awb-spacing-left-medium:1.92%;--awb-width-small:100%;--awb-spacing-right-small:1.92%;--awb-spacing-left-small:1.92%;\"><div class=\"fusion-column-wrapper fusion-flex-justify-content-flex-start fusion-content-layout-column fusion-empty-column-bg-image fusion-column-has-bg-image\" data-bg-url=\"https:\/\/www.columbuslasikvision.com\/wp-content\/uploads\/2019\/01\/about-lasik-2.png.gif\"><img decoding=\"async\" class=\"fusion-empty-dims-img-placeholder\" aria-label=\"about-lasik-2.png\" src=\"data:image\/svg+xml,%3Csvg%20xmlns%3D%27http%3A%2F%2Fwww.w3.org%2F2000%2Fsvg%27%20width%3D%27200%27%20height%3D%27153%27%20viewBox%3D%270%200%20200%20153%27%3E%3Crect%20width%3D%27200%27%20height%3D%27153%27%20fill-opacity%3D%220%22%2F%3E%3C%2Fsvg%3E\"><\/div><\/div><\/div><\/div><\/div><div class=\"fusion-layout-column fusion_builder_column fusion-builder-column-4 fusion_builder_column_1_6 1_6 fusion-flex-column\" style=\"--awb-bg-blend:overlay;--awb-bg-size:cover;--awb-width-large:16.6666666667%;--awb-margin-top-large:0px;--awb-spacing-right-large:11.52%;--awb-margin-bottom-large:20px;--awb-spacing-left-large:11.52%;--awb-width-medium:100%;--awb-spacing-right-medium:1.92%;--awb-spacing-left-medium:1.92%;--awb-width-small:100%;--awb-spacing-right-small:1.92%;--awb-spacing-left-small:1.92%;\"><div class=\"fusion-column-wrapper fusion-flex-justify-content-flex-start fusion-content-layout-column\"><\/div><\/div><div class=\"fusion-layout-column fusion_builder_column fusion-builder-column-5 fusion_builder_column_1_1 1_1 fusion-flex-column fusion-no-large-visibility\" style=\"--awb-bg-blend:overlay;--awb-bg-size:cover;--awb-width-large:100%;--awb-margin-top-large:0px;--awb-spacing-right-large:1.92%;--awb-margin-bottom-large:20px;--awb-spacing-left-large:1.92%;--awb-width-medium:100%;--awb-spacing-right-medium:1.92%;--awb-spacing-left-medium:1.92%;--awb-width-small:100%;--awb-spacing-right-small:1.92%;--awb-spacing-left-small:1.92%;\"><div class=\"fusion-column-wrapper fusion-flex-justify-content-flex-start fusion-content-layout-column\"><div class=\"fusion-image-element \" style=\"text-align:center;--awb-caption-title-font-family:var(--h2_typography-font-family);--awb-caption-title-font-weight:var(--h2_typography-font-weight);--awb-caption-title-font-style:var(--h2_typography-font-style);--awb-caption-title-size:var(--h2_typography-font-size);--awb-caption-title-transform:var(--h2_typography-text-transform);--awb-caption-title-line-height:var(--h2_typography-line-height);--awb-caption-title-letter-spacing:var(--h2_typography-letter-spacing);\"><span class=\" fusion-imageframe imageframe-none imageframe-1 hover-type-none\" id=\"laser-img\"><img decoding=\"async\" width=\"194\" height=\"129\" title=\"about-lasik-1\" src=\"https:\/\/www.columbuslasikvision.com\/wp-content\/uploads\/2019\/03\/about-lasik-1.png\" alt class=\"img-responsive wp-image-4535\"\/><\/span><\/div><div class=\"fusion-image-element \" style=\"text-align:center;--awb-caption-title-font-family:var(--h2_typography-font-family);--awb-caption-title-font-weight:var(--h2_typography-font-weight);--awb-caption-title-font-style:var(--h2_typography-font-style);--awb-caption-title-size:var(--h2_typography-font-size);--awb-caption-title-transform:var(--h2_typography-text-transform);--awb-caption-title-line-height:var(--h2_typography-line-height);--awb-caption-title-letter-spacing:var(--h2_typography-letter-spacing);\"><span class=\" fusion-imageframe imageframe-none imageframe-2 hover-type-none\" id=\"black-img\"><img decoding=\"async\" width=\"200\" height=\"153\" title=\"about-lasik-2.png\" src=\"https:\/\/www.columbuslasikvision.com\/wp-content\/uploads\/2019\/01\/about-lasik-2.png.gif\" alt class=\"img-responsive wp-image-4533\"\/><\/span><\/div><\/div><\/div><\/div><\/div><div class=\"fusion-fullwidth fullwidth-box fusion-builder-row-3 fusion-flex-container hundred-percent-fullwidth non-hundred-percent-height-scrolling fusion-animated\" style=\"--awb-border-radius-top-left:0px;--awb-border-radius-top-right:0px;--awb-border-radius-bottom-right:0px;--awb-border-radius-bottom-left:0px;--awb-padding-top:20px;--awb-padding-right:20px;--awb-padding-bottom:15px;--awb-padding-left:20px;--awb-min-height:140px;--awb-background-color:var(--awb-custom_color_1);--awb-flex-wrap:wrap;\" data-animationType=\"fadeIn\" data-animationDuration=\"1.0\" data-animationOffset=\"top-into-view\" id=\"WHYYYYY\" ><div class=\"fusion-builder-row fusion-row fusion-flex-align-items-center fusion-flex-justify-content-center fusion-flex-content-wrap\" style=\"width:104% !important;max-width:104% !important;margin-left: calc(-4% \/ 2 );margin-right: calc(-4% \/ 2 );\"><div class=\"fusion-layout-column fusion_builder_column fusion-builder-column-6 fusion_builder_column_1_1 1_1 fusion-flex-column fusion-flex-align-self-center\" style=\"--awb-bg-size:cover;--awb-width-large:100%;--awb-margin-top-large:0px;--awb-spacing-right-large:1.92%;--awb-margin-bottom-large:0px;--awb-spacing-left-large:1.92%;--awb-width-medium:100%;--awb-order-medium:0;--awb-spacing-right-medium:1.92%;--awb-spacing-left-medium:1.92%;--awb-width-small:100%;--awb-order-small:0;--awb-spacing-right-small:1.92%;--awb-spacing-left-small:1.92%;\"><div class=\"fusion-column-wrapper fusion-column-has-shadow fusion-flex-justify-content-center fusion-content-layout-column\"><div class=\"fusion-text fusion-text-4 fusion-text-no-margin\" style=\"--awb-content-alignment:center;--awb-font-size:35px;--awb-line-height:36px;--awb-text-color:var(--awb-color1);--awb-margin-bottom:5px;--awb-text-font-family:&quot;AvenirNextBold&quot;;--awb-text-font-style:normal;--awb-text-font-weight:400;\" id=\"blue-ribbon-text\"><p><em>LA MEJOR <span id=\"orange-txt\">TECNOLOG\u00cdA<\/span> AL MEJOR <span id=\"orange-txt\"> PRECIO<\/span>!<\/em><\/p>\n<\/div><div class=\"fusion-text fusion-text-5\" style=\"--awb-content-alignment:center;--awb-font-size:26px;--awb-line-height:36px;--awb-text-color:var(--awb-color1);--awb-text-font-family:&quot;AvenirNextDemiBold&quot;;--awb-text-font-style:normal;--awb-text-font-weight:400;\" id=\"blue-ribbon-description\"><p>No te conformes con tecnolog\u00eda obsoleta por $6,000 cuando en nuestro centro puedes acceder al m\u00e1s avanzado CONTOURA LASIK por la mitad de precio.<\/p>\n<\/div><\/div><\/div><\/div><\/div>\n<\/p>\n","protected":false},"excerpt":{"rendered":"","protected":false},"author":9,"featured_media":0,"parent":0,"menu_order":0,"comment_status":"closed","ping_status":"closed","template":"100-width.php","meta":{"footnotes":""},"class_list":["post-4532","page","type-page","status-publish","hentry"],"yoast_head":"<!-- This site is optimized with the Yoast SEO plugin v27.5 - https:\/\/yoast.com\/product\/yoast-seo-wordpress\/ -->\n<title>\u00bfQu\u00e9 es la Cirug\u00eda LASIK? Procedimiento, Resultados y Beneficios<\/title>\n<meta name=\"description\" content=\"Descubre todo sobre la cirug\u00eda ocular LASIK: c\u00f3mo funciona, sus beneficios, resultados y por qu\u00e9 miles en Filadelfia, Harrisburg y Wilkes-Barre conf\u00edan en este procedimiento visual avanzado.\" \/>\n<meta name=\"robots\" content=\"index, follow, max-snippet:-1, max-image-preview:large, max-video-preview:-1\" \/>\n<link rel=\"canonical\" href=\"https:\/\/www.columbuslasikvision.com\/es\/sobre-lasik\/\" \/>\n<meta property=\"og:locale\" content=\"es_ES\" \/>\n<meta property=\"og:type\" content=\"article\" \/>\n<meta property=\"og:title\" content=\"\u00bfQu\u00e9 es la Cirug\u00eda LASIK? Procedimiento, Resultados y Beneficios\" \/>\n<meta property=\"og:description\" content=\"Descubre todo sobre la cirug\u00eda ocular LASIK: c\u00f3mo funciona, sus beneficios, resultados y por qu\u00e9 miles en Filadelfia, Harrisburg y Wilkes-Barre conf\u00edan en este procedimiento visual avanzado.\" \/>\n<meta property=\"og:url\" content=\"https:\/\/www.columbuslasikvision.com\/es\/sobre-lasik\/\" \/>\n<meta property=\"og:site_name\" content=\"Columbus Lasik Vision Centers\" \/>\n<meta property=\"article:modified_time\" content=\"2025-10-10T15:43:22+00:00\" \/>\n<meta name=\"twitter:card\" content=\"summary_large_image\" \/>\n<meta name=\"twitter:label1\" content=\"Tiempo de lectura\" \/>\n\t<meta name=\"twitter:data1\" content=\"3 minutos\" \/>\n<script type=\"application\/ld+json\" class=\"yoast-schema-graph\">{\"@context\":\"https:\\\/\\\/schema.org\",\"@graph\":[{\"@type\":\"WebPage\",\"@id\":\"https:\\\/\\\/www.columbuslasikvision.com\\\/es\\\/sobre-lasik\\\/\",\"url\":\"https:\\\/\\\/www.columbuslasikvision.com\\\/es\\\/sobre-lasik\\\/\",\"name\":\"\u00bfQu\u00e9 es la Cirug\u00eda LASIK? Procedimiento, Resultados y Beneficios\",\"isPartOf\":{\"@id\":\"https:\\\/\\\/www.columbuslasikvision.com\\\/#website\"},\"datePublished\":\"2016-11-30T21:23:16+00:00\",\"dateModified\":\"2025-10-10T15:43:22+00:00\",\"description\":\"Descubre todo sobre la cirug\u00eda ocular LASIK: c\u00f3mo funciona, sus beneficios, resultados y por qu\u00e9 miles en Filadelfia, Harrisburg y Wilkes-Barre conf\u00edan en este procedimiento visual avanzado.\",\"breadcrumb\":{\"@id\":\"https:\\\/\\\/www.columbuslasikvision.com\\\/es\\\/sobre-lasik\\\/#breadcrumb\"},\"inLanguage\":\"es\",\"potentialAction\":[{\"@type\":\"ReadAction\",\"target\":[\"https:\\\/\\\/www.columbuslasikvision.com\\\/es\\\/sobre-lasik\\\/\"]}]},{\"@type\":\"BreadcrumbList\",\"@id\":\"https:\\\/\\\/www.columbuslasikvision.com\\\/es\\\/sobre-lasik\\\/#breadcrumb\",\"itemListElement\":[{\"@type\":\"ListItem\",\"position\":1,\"name\":\"Home\",\"item\":\"https:\\\/\\\/www.columbuslasikvision.com\\\/es\\\/\"},{\"@type\":\"ListItem\",\"position\":2,\"name\":\"Acerca de LASIK\"}]},{\"@type\":\"WebSite\",\"@id\":\"https:\\\/\\\/www.columbuslasikvision.com\\\/#website\",\"url\":\"https:\\\/\\\/www.columbuslasikvision.com\\\/\",\"name\":\"Columbus LASIK Vision, Philadelphia\",\"description\":\"Quality LASIK $999 per eye\",\"publisher\":{\"@id\":\"https:\\\/\\\/www.columbuslasikvision.com\\\/#organization\"},\"potentialAction\":[{\"@type\":\"SearchAction\",\"target\":{\"@type\":\"EntryPoint\",\"urlTemplate\":\"https:\\\/\\\/www.columbuslasikvision.com\\\/?s={search_term_string}\"},\"query-input\":{\"@type\":\"PropertyValueSpecification\",\"valueRequired\":true,\"valueName\":\"search_term_string\"}}],\"inLanguage\":\"es\"},{\"@type\":\"Organization\",\"@id\":\"https:\\\/\\\/www.columbuslasikvision.com\\\/#organization\",\"name\":\"Columbus Lasik Vision\",\"url\":\"https:\\\/\\\/www.columbuslasikvision.com\\\/\",\"logo\":{\"@type\":\"ImageObject\",\"inLanguage\":\"es\",\"@id\":\"https:\\\/\\\/www.columbuslasikvision.com\\\/#\\\/schema\\\/logo\\\/image\\\/\",\"url\":\"https:\\\/\\\/www.columbuslasikvision.com\\\/wp-content\\\/uploads\\\/2019\\\/03\\\/social-logo.png\",\"contentUrl\":\"https:\\\/\\\/www.columbuslasikvision.com\\\/wp-content\\\/uploads\\\/2019\\\/03\\\/social-logo.png\",\"width\":1200,\"height\":630,\"caption\":\"Columbus Lasik Vision\"},\"image\":{\"@id\":\"https:\\\/\\\/www.columbuslasikvision.com\\\/#\\\/schema\\\/logo\\\/image\\\/\"}}]}<\/script>\n<!-- \/ Yoast SEO plugin. -->","yoast_head_json":{"title":"\u00bfQu\u00e9 es la Cirug\u00eda LASIK? Procedimiento, Resultados y Beneficios","description":"Descubre todo sobre la cirug\u00eda ocular LASIK: c\u00f3mo funciona, sus beneficios, resultados y por qu\u00e9 miles en Filadelfia, Harrisburg y Wilkes-Barre conf\u00edan en este procedimiento visual avanzado.","robots":{"index":"index","follow":"follow","max-snippet":"max-snippet:-1","max-image-preview":"max-image-preview:large","max-video-preview":"max-video-preview:-1"},"canonical":"https:\/\/www.columbuslasikvision.com\/es\/sobre-lasik\/","og_locale":"es_ES","og_type":"article","og_title":"\u00bfQu\u00e9 es la Cirug\u00eda LASIK? Procedimiento, Resultados y Beneficios","og_description":"Descubre todo sobre la cirug\u00eda ocular LASIK: c\u00f3mo funciona, sus beneficios, resultados y por qu\u00e9 miles en Filadelfia, Harrisburg y Wilkes-Barre conf\u00edan en este procedimiento visual avanzado.","og_url":"https:\/\/www.columbuslasikvision.com\/es\/sobre-lasik\/","og_site_name":"Columbus Lasik Vision Centers","article_modified_time":"2025-10-10T15:43:22+00:00","twitter_card":"summary_large_image","twitter_misc":{"Tiempo de lectura":"3 minutos"},"schema":{"@context":"https:\/\/schema.org","@graph":[{"@type":"WebPage","@id":"https:\/\/www.columbuslasikvision.com\/es\/sobre-lasik\/","url":"https:\/\/www.columbuslasikvision.com\/es\/sobre-lasik\/","name":"\u00bfQu\u00e9 es la Cirug\u00eda LASIK? Procedimiento, Resultados y Beneficios","isPartOf":{"@id":"https:\/\/www.columbuslasikvision.com\/#website"},"datePublished":"2016-11-30T21:23:16+00:00","dateModified":"2025-10-10T15:43:22+00:00","description":"Descubre todo sobre la cirug\u00eda ocular LASIK: c\u00f3mo funciona, sus beneficios, resultados y por qu\u00e9 miles en Filadelfia, Harrisburg y Wilkes-Barre conf\u00edan en este procedimiento visual avanzado.","breadcrumb":{"@id":"https:\/\/www.columbuslasikvision.com\/es\/sobre-lasik\/#breadcrumb"},"inLanguage":"es","potentialAction":[{"@type":"ReadAction","target":["https:\/\/www.columbuslasikvision.com\/es\/sobre-lasik\/"]}]},{"@type":"BreadcrumbList","@id":"https:\/\/www.columbuslasikvision.com\/es\/sobre-lasik\/#breadcrumb","itemListElement":[{"@type":"ListItem","position":1,"name":"Home","item":"https:\/\/www.columbuslasikvision.com\/es\/"},{"@type":"ListItem","position":2,"name":"Acerca de LASIK"}]},{"@type":"WebSite","@id":"https:\/\/www.columbuslasikvision.com\/#website","url":"https:\/\/www.columbuslasikvision.com\/","name":"Columbus LASIK Vision, Philadelphia","description":"Quality LASIK $999 per eye","publisher":{"@id":"https:\/\/www.columbuslasikvision.com\/#organization"},"potentialAction":[{"@type":"SearchAction","target":{"@type":"EntryPoint","urlTemplate":"https:\/\/www.columbuslasikvision.com\/?s={search_term_string}"},"query-input":{"@type":"PropertyValueSpecification","valueRequired":true,"valueName":"search_term_string"}}],"inLanguage":"es"},{"@type":"Organization","@id":"https:\/\/www.columbuslasikvision.com\/#organization","name":"Columbus Lasik Vision","url":"https:\/\/www.columbuslasikvision.com\/","logo":{"@type":"ImageObject","inLanguage":"es","@id":"https:\/\/www.columbuslasikvision.com\/#\/schema\/logo\/image\/","url":"https:\/\/www.columbuslasikvision.com\/wp-content\/uploads\/2019\/03\/social-logo.png","contentUrl":"https:\/\/www.columbuslasikvision.com\/wp-content\/uploads\/2019\/03\/social-logo.png","width":1200,"height":630,"caption":"Columbus Lasik Vision"},"image":{"@id":"https:\/\/www.columbuslasikvision.com\/#\/schema\/logo\/image\/"}}]}},"_links":{"self":[{"href":"https:\/\/www.columbuslasikvision.com\/es\/wp-json\/wp\/v2\/pages\/4532","targetHints":{"allow":["GET"]}}],"collection":[{"href":"https:\/\/www.columbuslasikvision.com\/es\/wp-json\/wp\/v2\/pages"}],"about":[{"href":"https:\/\/www.columbuslasikvision.com\/es\/wp-json\/wp\/v2\/types\/page"}],"author":[{"embeddable":true,"href":"https:\/\/www.columbuslasikvision.com\/es\/wp-json\/wp\/v2\/users\/9"}],"replies":[{"embeddable":true,"href":"https:\/\/www.columbuslasikvision.com\/es\/wp-json\/wp\/v2\/comments?post=4532"}],"version-history":[{"count":0,"href":"https:\/\/www.columbuslasikvision.com\/es\/wp-json\/wp\/v2\/pages\/4532\/revisions"}],"wp:attachment":[{"href":"https:\/\/www.columbuslasikvision.com\/es\/wp-json\/wp\/v2\/media?parent=4532"}],"curies":[{"name":"wp","href":"https:\/\/api.w.org\/{rel}","templated":true}]}}