{"id":4557,"date":"2016-11-30T21:33:55","date_gmt":"2016-11-30T21:33:55","guid":{"rendered":"https:\/\/eager-pizza.flywheelsites.com\/?page_id=4557"},"modified":"2025-10-10T15:55:07","modified_gmt":"2025-10-10T15:55:07","slug":"financiacion-lasik","status":"publish","type":"page","link":"https:\/\/www.columbuslasikvision.com\/es\/financiacion-lasik\/","title":{"rendered":"Financiaci\u00f3n"},"content":{"rendered":"<p><div class=\"fusion-fullwidth fullwidth-box fusion-builder-row-1 fusion-flex-container nonhundred-percent-fullwidth non-hundred-percent-height-scrolling\" style=\"--awb-border-radius-top-left:0px;--awb-border-radius-top-right:0px;--awb-border-radius-bottom-right:0px;--awb-border-radius-bottom-left:0px;--awb-padding-top:40px;--awb-padding-bottom:30px;--awb-background-color:var(--awb-color1);--awb-flex-wrap:wrap;\" ><div class=\"fusion-builder-row fusion-row fusion-flex-align-items-flex-start fusion-flex-content-wrap\" style=\"max-width:1560px;margin-left: calc(-4% \/ 2 );margin-right: calc(-4% \/ 2 );\"><div class=\"fusion-layout-column fusion_builder_column fusion-builder-column-0 fusion_builder_column_1_1 1_1 fusion-flex-column\" style=\"--awb-bg-size:cover;--awb-width-large:100%;--awb-margin-top-large:0px;--awb-spacing-right-large:1.92%;--awb-margin-bottom-large:20px;--awb-spacing-left-large:1.92%;--awb-width-medium:100%;--awb-order-medium:0;--awb-spacing-right-medium:1.92%;--awb-spacing-left-medium:1.92%;--awb-width-small:100%;--awb-order-small:0;--awb-spacing-right-small:1.92%;--awb-spacing-left-small:1.92%;\"><div class=\"fusion-column-wrapper fusion-column-has-shadow fusion-flex-justify-content-flex-start fusion-content-layout-column\"><span><span><a href=\"https:\/\/www.columbuslasikvision.com\/es\/\">Home<\/a><\/span><\/span><\/div><\/div><div class=\"fusion-layout-column fusion_builder_column fusion-builder-column-1 fusion_builder_column_1_1 1_1 fusion-flex-column\" style=\"--awb-bg-blend:overlay;--awb-bg-size:cover;--awb-width-large:100%;--awb-margin-top-large:0px;--awb-spacing-right-large:1.92%;--awb-margin-bottom-large:20px;--awb-spacing-left-large:1.92%;--awb-width-medium:100%;--awb-spacing-right-medium:1.92%;--awb-spacing-left-medium:1.92%;--awb-width-small:100%;--awb-spacing-right-small:1.92%;--awb-spacing-left-small:1.92%;\"><div class=\"fusion-column-wrapper fusion-flex-justify-content-flex-start fusion-content-layout-column\"><div class=\"fusion-title title fusion-title-1 fusion-sep-none fusion-title-text fusion-title-size-two shadow-text\" style=\"--awb-text-color:var(--awb-custom_color_5);--awb-font-size:23px;\"><h2 class=\"fusion-title-heading title-heading-left fusion-responsive-typography-calculated\" style=\"font-family:&quot;AvenirNextBold&quot;;font-style:normal;font-weight:400;margin:0;text-transform:uppercase;font-size:1em;--fontSize:23;--minFontSize:23;line-height:1.3;\">Planes de financiaci\u00f3n y seguros para LASIK:<\/h2><\/div><\/div><\/div><div class=\"fusion-layout-column fusion_builder_column fusion-builder-column-2 fusion_builder_column_1_1 1_1 fusion-flex-column\" style=\"--awb-bg-blend:overlay;--awb-bg-size:cover;--awb-width-large:100%;--awb-margin-top-large:0px;--awb-spacing-right-large:1.92%;--awb-margin-bottom-large:20px;--awb-spacing-left-large:1.92%;--awb-width-medium:100%;--awb-spacing-right-medium:1.92%;--awb-spacing-left-medium:1.92%;--awb-width-small:100%;--awb-spacing-right-small:1.92%;--awb-spacing-left-small:1.92%;\"><div class=\"fusion-column-wrapper fusion-flex-justify-content-flex-start fusion-content-layout-column\"><div class=\"fusion-text fusion-text-1\"><p>Columbus LASIK Vision acepta la mayor\u00eda de los planes de seguro para reembolsos totales o parciales de la cirug\u00eda ocular con l\u00e1ser. Consulta tu plan de salud para resolver cualquier duda que tengas sobre la cobertura de la cirug\u00eda LASIK.<\/p>\n<p>A continuaci\u00f3n encontrar\u00e1s informaci\u00f3n adicional y enlaces \u00fatiles a otros recursos que pueden brindarte m\u00e1s detalles o asistencia financiera para la correcci\u00f3n visual con l\u00e1ser:<\/p>\n<ul>\n<li><b>National Vision Administrators, LLC (NVA): <\/b>Este programa ofrece precios con descuento a suscriptores de NVA y sus dependientes, lo que les permite obtener servicios de correcci\u00f3n visual con l\u00e1ser a precios accesibles.<\/li>\n<li><b>EyeMed Vision Care:<\/b> Esta compa\u00f1\u00eda brinda a sus miembros la mayor red de acceso a centros de correcci\u00f3n visual con l\u00e1ser a trav\u00e9s de U.S. Laser Network. Tambi\u00e9n son parte de la red de calidad de LCA-Vision. Muchos planes de membres\u00eda de EyeMed ofrecen tarifas con descuento en procedimientos LASIK y PRK en cualquier proveedor de U.S. Laser Network.<\/li>\n<li><b>Av\u0113sis:<\/b> Millones de estadounidenses disfrutan de cobertura parcial o total para su cirug\u00eda ocular gracias a este proveedor.<\/li>\n<li><b>Aetna:<\/b> Para saber si tu tratamiento est\u00e1 cubierto por el seguro, contacta a Aetna.<\/li>\n<li><b>QualSight LASIK:<\/b> Como el mayor administrador de LASIK en el pa\u00eds, este grupo atiende aproximadamente a 90 millones de miembros.<\/li>\n<li><b>VSP Vision Care:<\/b> Este seguro atiende a m\u00e1s de 79 millones de estadounidenses.<\/li>\n<li><b>Geisinger:<\/b> Los beneficiarios pueden recibir precios regulares en tratamientos LASIK y PRK a trav\u00e9s de U.S. Laser Network o un 5% de descuento sobre los precios promocionales.<\/li>\n<li><b>LCA Vision Network: <\/b>Como parte de la Red Nacional de LASIK, los miembros pueden ahorrar hasta un 25% en su procedimiento.<\/li>\n<li><b>Davis Vision:<\/b> Visita su sitio web para revisar tus beneficios y explorar opciones de cobertura.<\/li>\n<\/ul>\n<p>Nuestro personal de oficina te ayudar\u00e1 a determinar tu cobertura de seguro, presentar formularios de reembolso y organizar opciones de pago directo.<\/p>\n<\/div><div class=\"fusion-text fusion-text-2\"><h2>\u00bfQui\u00e9nes son elegibles para beneficios?<\/h2>\n<p>Si no est\u00e1s seguro de lo que cubre tu plan de seguro en cirug\u00eda ocular con l\u00e1ser, consulta directamente con tu plan.<\/p>\n<p>Tambi\u00e9n puedes usar una FSA (cuenta de ahorro flexible) o HSA (cuenta de ahorro m\u00e9dico) para pagar tu cirug\u00eda ocular.<br \/>\nOtros grupos que tambi\u00e9n pueden ser elegibles para asistencia financiera incluyen:<\/p>\n<ul>\n<li>Pennsylvania Employees Benefit Trust Fund (PEBTF)<\/li>\n<li>Pennsylvania\u2019s State System of Higher Education<\/li>\n<li>UPMC Health Plan<\/li>\n<li>Pennsylvania Chamber Insurance (PCI)<\/li>\n<li>Teamsters<\/li>\n<li>Polic\u00eda Estatal de Pennsylvania y Academia de Polic\u00eda<\/li>\n<li>Sindicato de Bomberos<\/li>\n<li>BlueCross Blue Shield (BCBS) Federal Employee Program<\/li>\n<li>Empleados de Lowe\u2019s<\/li>\n<li>Empleados de United Airlines<\/li>\n<li>Empleados de Penn State (con acceso a beneficios adicionales a trav\u00e9s del programa Blue365)<\/li>\n<li><strong>Personal de servicio p\u00fablico:<\/strong>\u00a0bomberos, polic\u00edas, t\u00e9cnicos de emergencias, param\u00e9dicos, enfermeros, personal militar, veteranos y maestros que deseen cirug\u00eda de correcci\u00f3n visual pueden acceder a beneficios especiales.<\/li>\n<\/ul>\n<\/div><div class=\"fusion-text fusion-text-3\"><h2>Cuentas de ahorro flexible (FSA):<\/h2>\n<p>Los empleadores ofrecen cuentas de ahorro flexible y programas de beneficios flexibles para cubrir gastos m\u00e9dicos. Estos programas permiten apartar dinero preimpuesto de tu salario para cubrir gastos como LASIK y PRK. Recomendamos aprovechar tu FSA si tienes una, apartando un poco de cada cheque para cubrir tu correcci\u00f3n visual casi libre de impuestos.<\/p>\n<h3>Nuestros planes de financiaci\u00f3n incluyen:<\/h3>\n<ul>\n<li>Sin cuota inicial<\/li>\n<li>Pagos sin inter\u00e9s por 6, 12 o 18 meses<\/li>\n<li>Pagos tan bajos como $1 o $2 al d\u00eda<\/li>\n<\/ul>\n<p>Revisaremos todas nuestras opciones accesibles de financiaci\u00f3n contigo en tu consulta inicial. La mayor\u00eda de tipos de cr\u00e9dito son aceptados y puedes calificar en solo unos minutos.<\/p>\n<\/div><div class=\"fusion-text fusion-text-4\"><h2>Financiaci\u00f3n con CareCredit<\/h2>\n<p>CareCredit es un prestamista externo que ofrece condiciones flexibles de financiaci\u00f3n y pagos con bajo inter\u00e9s. Te permite hacer pagos en l\u00ednea y acceder f\u00e1cilmente a tu cuenta.<\/p>\n<h2>Beneficios tributarios<\/h2>\n<p>Dependiendo de tu situaci\u00f3n fiscal, la correcci\u00f3n visual puede ser deducible de impuestos. Consulta con tu contador para m\u00e1s informaci\u00f3n. Adem\u00e1s, un reembolso de impuestos es una excelente oportunidad para invertir en tu visi\u00f3n, reducir tu dependencia de gafas y mejorar tu calidad de vida.<\/p>\n<p>Para tu comodidad, aceptamos la mayor\u00eda de tarjetas de cr\u00e9dito. Esta es la opci\u00f3n de pago preferida de muchos pacientes, quienes reciben millas, puntos o tasas de inter\u00e9s bajas cada vez que las usan.<\/p>\n<p>En Columbus LASIK Vision, queremos que todos los pacientes tengan acceso a la cirug\u00eda de correcci\u00f3n visual y comiencen a disfrutar una vida sin gafas ni lentes de contacto.<br \/>\nEl LASIK nunca ha sido tan accesible\u2026 ofrecemos programas de financiaci\u00f3n flexibles sin intereses ni cuota inicial hasta por 24 meses\u2026<\/p>\n<p>Haz clic en el \u00edcono de CareCredit a continuaci\u00f3n para ver si calificas.<\/p>\n<\/div><\/div><\/div><div class=\"fusion-layout-column fusion_builder_column fusion-builder-column-3 fusion_builder_column_1_1 1_1 fusion-flex-column fusion-no-small-visibility fusion-no-medium-visibility\" style=\"--awb-bg-blend:overlay;--awb-bg-size:cover;--awb-width-large:100%;--awb-margin-top-large:0px;--awb-spacing-right-large:1.92%;--awb-margin-bottom-large:20px;--awb-spacing-left-large:1.92%;--awb-width-medium:100%;--awb-spacing-right-medium:1.92%;--awb-spacing-left-medium:1.92%;--awb-width-small:100%;--awb-spacing-right-small:1.92%;--awb-spacing-left-small:1.92%;\"><div class=\"fusion-column-wrapper fusion-flex-justify-content-flex-start fusion-content-layout-column\"><div class=\"fusion-builder-row fusion-builder-row-inner fusion-row fusion-flex-align-items-flex-start fusion-flex-content-wrap\" style=\"width:104% !important;max-width:104% !important;margin-left: calc(-4% \/ 2 );margin-right: calc(-4% \/ 2 );\"><div class=\"fusion-layout-column fusion_builder_column_inner fusion-builder-nested-column-0 fusion_builder_column_inner_2_3 2_3 fusion-flex-column\" style=\"--awb-bg-blend:overlay;--awb-bg-size:cover;--awb-width-large:66.6666666667%;--awb-margin-top-large:0px;--awb-spacing-right-large:3.333333333333333px;--awb-margin-bottom-large:20px;--awb-spacing-left-large:2.88%;--awb-width-medium:100%;--awb-spacing-right-medium:1.92%;--awb-spacing-left-medium:1.92%;--awb-width-small:100%;--awb-spacing-right-small:1.92%;--awb-spacing-left-small:1.92%;\"><div class=\"fusion-column-wrapper fusion-flex-justify-content-flex-start fusion-content-layout-column\"><div class=\"fusion-image-element \" style=\"text-align:right;--awb-caption-title-font-family:var(--h2_typography-font-family);--awb-caption-title-font-weight:var(--h2_typography-font-weight);--awb-caption-title-font-style:var(--h2_typography-font-style);--awb-caption-title-size:var(--h2_typography-font-size);--awb-caption-title-transform:var(--h2_typography-text-transform);--awb-caption-title-line-height:var(--h2_typography-line-height);--awb-caption-title-letter-spacing:var(--h2_typography-letter-spacing);\"><span class=\" fusion-imageframe imageframe-none imageframe-1 hover-type-none\"><img decoding=\"async\" width=\"346\" height=\"146\" title=\"carecredit\" src=\"https:\/\/www.columbuslasikvision.com\/wp-content\/uploads\/2016\/11\/carecredit.jpeg\" alt class=\"img-responsive wp-image-4559\" srcset=\"https:\/\/www.columbuslasikvision.com\/wp-content\/uploads\/2016\/11\/carecredit-200x84.jpeg 200w, https:\/\/www.columbuslasikvision.com\/wp-content\/uploads\/2016\/11\/carecredit.jpeg 346w\" sizes=\"(max-width: 1024px) 100vw, (max-width: 640px) 100vw, 346px\" \/><\/span><\/div><\/div><\/div><\/div><\/div><\/div><div class=\"fusion-layout-column fusion_builder_column fusion-builder-column-4 fusion_builder_column_1_1 1_1 fusion-flex-column fusion-no-large-visibility\" style=\"--awb-bg-blend:overlay;--awb-bg-size:cover;--awb-width-large:100%;--awb-margin-top-large:0px;--awb-spacing-right-large:1.92%;--awb-margin-bottom-large:20px;--awb-spacing-left-large:1.92%;--awb-width-medium:100%;--awb-spacing-right-medium:1.92%;--awb-spacing-left-medium:1.92%;--awb-width-small:100%;--awb-spacing-right-small:1.92%;--awb-spacing-left-small:1.92%;\"><div class=\"fusion-column-wrapper fusion-flex-justify-content-flex-start fusion-content-layout-column\"><div class=\"fusion-builder-row fusion-builder-row-inner fusion-row fusion-flex-align-items-flex-start fusion-flex-content-wrap\" style=\"width:104% !important;max-width:104% !important;margin-left: calc(-4% \/ 2 );margin-right: calc(-4% \/ 2 );\"><div class=\"fusion-layout-column fusion_builder_column_inner fusion-builder-nested-column-1 fusion_builder_column_inner_1_2 1_2 fusion-flex-column\" style=\"--awb-bg-blend:overlay;--awb-bg-size:cover;--awb-width-large:50%;--awb-margin-top-large:0px;--awb-spacing-right-large:3.84%;--awb-margin-bottom-large:20px;--awb-spacing-left-large:3.84%;--awb-width-medium:100%;--awb-spacing-right-medium:1.92%;--awb-spacing-left-medium:1.92%;--awb-width-small:100%;--awb-spacing-right-small:1.92%;--awb-spacing-left-small:1.92%;\"><div class=\"fusion-column-wrapper fusion-flex-justify-content-flex-start fusion-content-layout-column\"><div class=\"fusion-image-element \" style=\"text-align:center;--awb-caption-title-font-family:var(--h2_typography-font-family);--awb-caption-title-font-weight:var(--h2_typography-font-weight);--awb-caption-title-font-style:var(--h2_typography-font-style);--awb-caption-title-size:var(--h2_typography-font-size);--awb-caption-title-transform:var(--h2_typography-text-transform);--awb-caption-title-line-height:var(--h2_typography-line-height);--awb-caption-title-letter-spacing:var(--h2_typography-letter-spacing);\"><span class=\" fusion-imageframe imageframe-none imageframe-2 hover-type-none\"><img decoding=\"async\" width=\"346\" height=\"146\" title=\"carecredit\" src=\"https:\/\/www.columbuslasikvision.com\/wp-content\/uploads\/2016\/11\/carecredit.jpeg\" alt class=\"img-responsive wp-image-4559\" srcset=\"https:\/\/www.columbuslasikvision.com\/wp-content\/uploads\/2016\/11\/carecredit-200x84.jpeg 200w, https:\/\/www.columbuslasikvision.com\/wp-content\/uploads\/2016\/11\/carecredit.jpeg 346w\" sizes=\"(max-width: 1024px) 100vw, (max-width: 640px) 100vw, 346px\" \/><\/span><\/div><\/div><\/div><div class=\"fusion-layout-column fusion_builder_column_inner fusion-builder-nested-column-2 fusion_builder_column_inner_1_2 1_2 fusion-flex-column\" style=\"--awb-bg-blend:overlay;--awb-bg-size:cover;--awb-width-large:50%;--awb-margin-top-large:0px;--awb-spacing-right-large:3.84%;--awb-margin-bottom-large:20px;--awb-spacing-left-large:3.84%;--awb-width-medium:100%;--awb-spacing-right-medium:1.92%;--awb-spacing-left-medium:1.92%;--awb-width-small:100%;--awb-spacing-right-small:1.92%;--awb-spacing-left-small:1.92%;\"><div class=\"fusion-column-wrapper fusion-flex-justify-content-flex-start fusion-content-layout-column\"><\/div><\/div><\/div><\/div><\/div><\/div><\/div><div class=\"fusion-fullwidth fullwidth-box fusion-builder-row-2 fusion-flex-container hundred-percent-fullwidth non-hundred-percent-height-scrolling fusion-animated\" style=\"--awb-border-radius-top-left:0px;--awb-border-radius-top-right:0px;--awb-border-radius-bottom-right:0px;--awb-border-radius-bottom-left:0px;--awb-padding-top:20px;--awb-padding-right:20px;--awb-padding-bottom:15px;--awb-padding-left:20px;--awb-min-height:140px;--awb-background-color:var(--awb-custom_color_1);--awb-flex-wrap:wrap;\" data-animationType=\"fadeIn\" data-animationDuration=\"1.0\" data-animationOffset=\"top-into-view\" id=\"WHYYYYY\" ><div class=\"fusion-builder-row fusion-row fusion-flex-align-items-center fusion-flex-justify-content-center fusion-flex-content-wrap\" style=\"width:104% !important;max-width:104% !important;margin-left: calc(-4% \/ 2 );margin-right: calc(-4% \/ 2 );\"><div class=\"fusion-layout-column fusion_builder_column fusion-builder-column-5 fusion_builder_column_1_1 1_1 fusion-flex-column fusion-flex-align-self-center\" style=\"--awb-bg-size:cover;--awb-width-large:100%;--awb-margin-top-large:0px;--awb-spacing-right-large:1.92%;--awb-margin-bottom-large:0px;--awb-spacing-left-large:1.92%;--awb-width-medium:100%;--awb-order-medium:0;--awb-spacing-right-medium:1.92%;--awb-spacing-left-medium:1.92%;--awb-width-small:100%;--awb-order-small:0;--awb-spacing-right-small:1.92%;--awb-spacing-left-small:1.92%;\"><div class=\"fusion-column-wrapper fusion-column-has-shadow fusion-flex-justify-content-center fusion-content-layout-column\"><div class=\"fusion-text fusion-text-5 fusion-text-no-margin\" style=\"--awb-content-alignment:center;--awb-font-size:35px;--awb-line-height:36px;--awb-text-color:var(--awb-color1);--awb-margin-bottom:5px;--awb-text-font-family:&quot;AvenirNextBold&quot;;--awb-text-font-style:normal;--awb-text-font-weight:400;\" id=\"blue-ribbon-text\"><p><em>LA MEJOR <span id=\"orange-txt\">TECNOLOG\u00cdA<\/span> AL MEJOR <span id=\"orange-txt\"> PRECIO<\/span>!<\/em><\/p>\n<\/div><div class=\"fusion-text fusion-text-6\" style=\"--awb-content-alignment:center;--awb-font-size:26px;--awb-line-height:36px;--awb-text-color:var(--awb-color1);--awb-text-font-family:&quot;AvenirNextDemiBold&quot;;--awb-text-font-style:normal;--awb-text-font-weight:400;\" id=\"blue-ribbon-description\"><p>No te conformes con tecnolog\u00eda obsoleta por $6,000 cuando en nuestro centro puedes acceder al m\u00e1s avanzado CONTOURA LASIK por la mitad de precio.<\/p>\n<\/div><\/div><\/div><\/div><\/div>\n<\/p>\n","protected":false},"excerpt":{"rendered":"","protected":false},"author":9,"featured_media":0,"parent":0,"menu_order":0,"comment_status":"closed","ping_status":"closed","template":"100-width.php","meta":{"footnotes":""},"class_list":["post-4557","page","type-page","status-publish","hentry"],"yoast_head":"<!-- This site is optimized with the Yoast SEO plugin v27.5 - https:\/\/yoast.com\/product\/yoast-seo-wordpress\/ -->\n<title>Financiaci\u00f3n LASIK y Opciones de Pago \u2013 Cirug\u00eda Ocular Accesible en Filadelfia<\/title>\n<meta name=\"description\" content=\"Explora planes de financiaci\u00f3n flexibles para reducir el costo del LASIK. Sin intereses ni cuota inicial. Aceptamos seguros, FSA, HSA y tarjetas de cr\u00e9dito.\" \/>\n<meta name=\"robots\" content=\"index, follow, max-snippet:-1, max-image-preview:large, max-video-preview:-1\" \/>\n<link rel=\"canonical\" href=\"https:\/\/www.columbuslasikvision.com\/es\/financiacion-lasik\/\" \/>\n<meta property=\"og:locale\" content=\"es_ES\" \/>\n<meta property=\"og:type\" content=\"article\" \/>\n<meta property=\"og:title\" content=\"Financiaci\u00f3n LASIK y Opciones de Pago \u2013 Cirug\u00eda Ocular Accesible en Filadelfia\" \/>\n<meta property=\"og:description\" content=\"Explora planes de financiaci\u00f3n flexibles para reducir el costo del LASIK. Sin intereses ni cuota inicial. Aceptamos seguros, FSA, HSA y tarjetas de cr\u00e9dito.\" \/>\n<meta property=\"og:url\" content=\"https:\/\/www.columbuslasikvision.com\/es\/financiacion-lasik\/\" \/>\n<meta property=\"og:site_name\" content=\"Columbus Lasik Vision Centers\" \/>\n<meta property=\"article:modified_time\" content=\"2025-10-10T15:55:07+00:00\" \/>\n<meta property=\"og:image\" content=\"https:\/\/www.columbuslasikvision.com\/wp-content\/uploads\/2019\/03\/social-logo.png\" \/>\n<meta name=\"twitter:card\" content=\"summary_large_image\" \/>\n<meta name=\"twitter:image\" content=\"https:\/\/www.columbuslasikvision.com\/wp-content\/uploads\/2019\/03\/social-logo.png\" \/>\n<meta name=\"twitter:label1\" content=\"Tiempo de lectura\" \/>\n\t<meta name=\"twitter:data1\" content=\"4 minutos\" \/>\n<script type=\"application\/ld+json\" class=\"yoast-schema-graph\">{\"@context\":\"https:\\\/\\\/schema.org\",\"@graph\":[{\"@type\":\"WebPage\",\"@id\":\"https:\\\/\\\/www.columbuslasikvision.com\\\/es\\\/financiacion-lasik\\\/\",\"url\":\"https:\\\/\\\/www.columbuslasikvision.com\\\/es\\\/financiacion-lasik\\\/\",\"name\":\"Financiaci\u00f3n LASIK y Opciones de Pago \u2013 Cirug\u00eda Ocular Accesible en Filadelfia\",\"isPartOf\":{\"@id\":\"https:\\\/\\\/www.columbuslasikvision.com\\\/#website\"},\"datePublished\":\"2016-11-30T21:33:55+00:00\",\"dateModified\":\"2025-10-10T15:55:07+00:00\",\"description\":\"Explora planes de financiaci\u00f3n flexibles para reducir el costo del LASIK. Sin intereses ni cuota inicial. Aceptamos seguros, FSA, HSA y tarjetas de cr\u00e9dito.\",\"breadcrumb\":{\"@id\":\"https:\\\/\\\/www.columbuslasikvision.com\\\/es\\\/financiacion-lasik\\\/#breadcrumb\"},\"inLanguage\":\"es\",\"potentialAction\":[{\"@type\":\"ReadAction\",\"target\":[\"https:\\\/\\\/www.columbuslasikvision.com\\\/es\\\/financiacion-lasik\\\/\"]}]},{\"@type\":\"BreadcrumbList\",\"@id\":\"https:\\\/\\\/www.columbuslasikvision.com\\\/es\\\/financiacion-lasik\\\/#breadcrumb\",\"itemListElement\":[{\"@type\":\"ListItem\",\"position\":1,\"name\":\"Home\",\"item\":\"https:\\\/\\\/www.columbuslasikvision.com\\\/es\\\/\"},{\"@type\":\"ListItem\",\"position\":2,\"name\":\"Financiaci\u00f3n\"}]},{\"@type\":\"WebSite\",\"@id\":\"https:\\\/\\\/www.columbuslasikvision.com\\\/#website\",\"url\":\"https:\\\/\\\/www.columbuslasikvision.com\\\/\",\"name\":\"Columbus LASIK Vision, Philadelphia\",\"description\":\"Quality LASIK $999 per eye\",\"publisher\":{\"@id\":\"https:\\\/\\\/www.columbuslasikvision.com\\\/#organization\"},\"potentialAction\":[{\"@type\":\"SearchAction\",\"target\":{\"@type\":\"EntryPoint\",\"urlTemplate\":\"https:\\\/\\\/www.columbuslasikvision.com\\\/?s={search_term_string}\"},\"query-input\":{\"@type\":\"PropertyValueSpecification\",\"valueRequired\":true,\"valueName\":\"search_term_string\"}}],\"inLanguage\":\"es\"},{\"@type\":\"Organization\",\"@id\":\"https:\\\/\\\/www.columbuslasikvision.com\\\/#organization\",\"name\":\"Columbus Lasik Vision\",\"url\":\"https:\\\/\\\/www.columbuslasikvision.com\\\/\",\"logo\":{\"@type\":\"ImageObject\",\"inLanguage\":\"es\",\"@id\":\"https:\\\/\\\/www.columbuslasikvision.com\\\/#\\\/schema\\\/logo\\\/image\\\/\",\"url\":\"https:\\\/\\\/www.columbuslasikvision.com\\\/wp-content\\\/uploads\\\/2019\\\/03\\\/social-logo.png\",\"contentUrl\":\"https:\\\/\\\/www.columbuslasikvision.com\\\/wp-content\\\/uploads\\\/2019\\\/03\\\/social-logo.png\",\"width\":1200,\"height\":630,\"caption\":\"Columbus Lasik Vision\"},\"image\":{\"@id\":\"https:\\\/\\\/www.columbuslasikvision.com\\\/#\\\/schema\\\/logo\\\/image\\\/\"}}]}<\/script>\n<!-- \/ Yoast SEO plugin. -->","yoast_head_json":{"title":"Financiaci\u00f3n LASIK y Opciones de Pago \u2013 Cirug\u00eda Ocular Accesible en Filadelfia","description":"Explora planes de financiaci\u00f3n flexibles para reducir el costo del LASIK. Sin intereses ni cuota inicial. Aceptamos seguros, FSA, HSA y tarjetas de cr\u00e9dito.","robots":{"index":"index","follow":"follow","max-snippet":"max-snippet:-1","max-image-preview":"max-image-preview:large","max-video-preview":"max-video-preview:-1"},"canonical":"https:\/\/www.columbuslasikvision.com\/es\/financiacion-lasik\/","og_locale":"es_ES","og_type":"article","og_title":"Financiaci\u00f3n LASIK y Opciones de Pago \u2013 Cirug\u00eda Ocular Accesible en Filadelfia","og_description":"Explora planes de financiaci\u00f3n flexibles para reducir el costo del LASIK. Sin intereses ni cuota inicial. Aceptamos seguros, FSA, HSA y tarjetas de cr\u00e9dito.","og_url":"https:\/\/www.columbuslasikvision.com\/es\/financiacion-lasik\/","og_site_name":"Columbus Lasik Vision Centers","article_modified_time":"2025-10-10T15:55:07+00:00","og_image":[{"url":"https:\/\/www.columbuslasikvision.com\/wp-content\/uploads\/2019\/03\/social-logo.png","type":"","width":"","height":""}],"twitter_card":"summary_large_image","twitter_image":"https:\/\/www.columbuslasikvision.com\/wp-content\/uploads\/2019\/03\/social-logo.png","twitter_misc":{"Tiempo de lectura":"4 minutos"},"schema":{"@context":"https:\/\/schema.org","@graph":[{"@type":"WebPage","@id":"https:\/\/www.columbuslasikvision.com\/es\/financiacion-lasik\/","url":"https:\/\/www.columbuslasikvision.com\/es\/financiacion-lasik\/","name":"Financiaci\u00f3n LASIK y Opciones de Pago \u2013 Cirug\u00eda Ocular Accesible en Filadelfia","isPartOf":{"@id":"https:\/\/www.columbuslasikvision.com\/#website"},"datePublished":"2016-11-30T21:33:55+00:00","dateModified":"2025-10-10T15:55:07+00:00","description":"Explora planes de financiaci\u00f3n flexibles para reducir el costo del LASIK. Sin intereses ni cuota inicial. Aceptamos seguros, FSA, HSA y tarjetas de cr\u00e9dito.","breadcrumb":{"@id":"https:\/\/www.columbuslasikvision.com\/es\/financiacion-lasik\/#breadcrumb"},"inLanguage":"es","potentialAction":[{"@type":"ReadAction","target":["https:\/\/www.columbuslasikvision.com\/es\/financiacion-lasik\/"]}]},{"@type":"BreadcrumbList","@id":"https:\/\/www.columbuslasikvision.com\/es\/financiacion-lasik\/#breadcrumb","itemListElement":[{"@type":"ListItem","position":1,"name":"Home","item":"https:\/\/www.columbuslasikvision.com\/es\/"},{"@type":"ListItem","position":2,"name":"Financiaci\u00f3n"}]},{"@type":"WebSite","@id":"https:\/\/www.columbuslasikvision.com\/#website","url":"https:\/\/www.columbuslasikvision.com\/","name":"Columbus LASIK Vision, Philadelphia","description":"Quality LASIK $999 per eye","publisher":{"@id":"https:\/\/www.columbuslasikvision.com\/#organization"},"potentialAction":[{"@type":"SearchAction","target":{"@type":"EntryPoint","urlTemplate":"https:\/\/www.columbuslasikvision.com\/?s={search_term_string}"},"query-input":{"@type":"PropertyValueSpecification","valueRequired":true,"valueName":"search_term_string"}}],"inLanguage":"es"},{"@type":"Organization","@id":"https:\/\/www.columbuslasikvision.com\/#organization","name":"Columbus Lasik Vision","url":"https:\/\/www.columbuslasikvision.com\/","logo":{"@type":"ImageObject","inLanguage":"es","@id":"https:\/\/www.columbuslasikvision.com\/#\/schema\/logo\/image\/","url":"https:\/\/www.columbuslasikvision.com\/wp-content\/uploads\/2019\/03\/social-logo.png","contentUrl":"https:\/\/www.columbuslasikvision.com\/wp-content\/uploads\/2019\/03\/social-logo.png","width":1200,"height":630,"caption":"Columbus Lasik Vision"},"image":{"@id":"https:\/\/www.columbuslasikvision.com\/#\/schema\/logo\/image\/"}}]}},"_links":{"self":[{"href":"https:\/\/www.columbuslasikvision.com\/es\/wp-json\/wp\/v2\/pages\/4557","targetHints":{"allow":["GET"]}}],"collection":[{"href":"https:\/\/www.columbuslasikvision.com\/es\/wp-json\/wp\/v2\/pages"}],"about":[{"href":"https:\/\/www.columbuslasikvision.com\/es\/wp-json\/wp\/v2\/types\/page"}],"author":[{"embeddable":true,"href":"https:\/\/www.columbuslasikvision.com\/es\/wp-json\/wp\/v2\/users\/9"}],"replies":[{"embeddable":true,"href":"https:\/\/www.columbuslasikvision.com\/es\/wp-json\/wp\/v2\/comments?post=4557"}],"version-history":[{"count":0,"href":"https:\/\/www.columbuslasikvision.com\/es\/wp-json\/wp\/v2\/pages\/4557\/revisions"}],"wp:attachment":[{"href":"https:\/\/www.columbuslasikvision.com\/es\/wp-json\/wp\/v2\/media?parent=4557"}],"curies":[{"name":"wp","href":"https:\/\/api.w.org\/{rel}","templated":true}]}}