{"id":4567,"date":"2025-03-28T22:55:06","date_gmt":"2025-03-28T22:55:06","guid":{"rendered":"https:\/\/eager-pizza.flywheelsites.com\/?page_id=4567"},"modified":"2025-10-10T15:58:17","modified_gmt":"2025-10-10T15:58:17","slug":"no-calificas-para-lasik","status":"publish","type":"page","link":"https:\/\/www.columbuslasikvision.com\/es\/evaluacion-lasik\/no-calificas-para-lasik\/","title":{"rendered":"Lo Sentimos no calificas a LASIK"},"content":{"rendered":"<div class=\"fusion-fullwidth fullwidth-box fusion-builder-row-1 fusion-flex-container has-pattern-background has-mask-background hundred-percent-fullwidth non-hundred-percent-height-scrolling\" style=\"--awb-border-radius-top-left:0px;--awb-border-radius-top-right:0px;--awb-border-radius-bottom-right:0px;--awb-border-radius-bottom-left:0px;--awb-min-height:500px;--awb-background-color:#f4f8fb;--awb-flex-wrap:wrap;\" ><div class=\"fusion-builder-row fusion-row fusion-flex-align-items-center fusion-flex-align-content-center fusion-flex-justify-content-center fusion-flex-content-wrap\" style=\"width:104% !important;max-width:104% !important;margin-left: calc(-4% \/ 2 );margin-right: calc(-4% \/ 2 );\"><div class=\"fusion-layout-column fusion_builder_column fusion-builder-column-0 fusion-flex-column\" style=\"--awb-bg-size:cover;--awb-width-large:63%;--awb-margin-top-large:0px;--awb-spacing-right-large:3.04761904762%;--awb-margin-bottom-large:20px;--awb-spacing-left-large:3.04761904762%;--awb-width-medium:100%;--awb-order-medium:0;--awb-spacing-right-medium:1.92%;--awb-spacing-left-medium:1.92%;--awb-width-small:100%;--awb-order-small:0;--awb-spacing-right-small:1.92%;--awb-spacing-left-small:1.92%;\"><div class=\"fusion-column-wrapper fusion-column-has-shadow fusion-flex-justify-content-center fusion-content-layout-row\"><div class=\"fusion-title title fusion-title-1 fusion-title-center fusion-title-text fusion-title-size-two\" style=\"--awb-margin-bottom:0px;--awb-font-size:40px;\"><div class=\"title-sep-container title-sep-container-left\"><div class=\"title-sep sep-single sep-solid\" style=\"border-color:#eaeaea;\"><\/div><\/div><span class=\"awb-title-spacer\"><\/span><h2 class=\"fusion-title-heading title-heading-center fusion-responsive-typography-calculated\" style=\"font-family:&quot;AvenirNextBoldItalic&quot;;font-style:normal;font-weight:400;margin:0;font-size:1em;--fontSize:40;line-height:1.75;\">Lo sentimos, no calificas en este momento.<\/h2><span class=\"awb-title-spacer\"><\/span><div class=\"title-sep-container title-sep-container-right\"><div class=\"title-sep sep-single sep-solid\" style=\"border-color:#eaeaea;\"><\/div><\/div><\/div><div class=\"fusion-text fusion-text-1\" style=\"--awb-content-alignment:center;--awb-font-size:22px;--awb-line-height:34px;\"><p>Los pacientes que actualmente tienen 17 a\u00f1os o menos, presentan queratocono, lupus, s\u00edndrome de Sj\u00f6gren, o que est\u00e9n embarazadas o en per\u00edodo de lactancia, no califican para la cirug\u00eda LASIK.<\/p>\n<\/div><div style=\"text-align:center;\"><a class=\"fusion-button button-flat fusion-button-default-size button-custom fusion-button-default button-1 fusion-button-default-span fusion-button-default-type\" style=\"--button_accent_color:#ffffff;--button_accent_hover_color:#ffffff;--button_border_hover_color:#ffffff;--button-border-radius-top-left:50px;--button-border-radius-top-right:50px;--button-border-radius-bottom-right:50px;--button-border-radius-bottom-left:50px;--button_gradient_top_color:var(--awb-custom_color_2);--button_gradient_bottom_color:var(--awb-custom_color_2);--button_gradient_top_color_hover:#0c3c60;--button_gradient_bottom_color_hover:#0c3c60;--button_text_transform:none;--button_padding-right:30px;--button_padding-left:30px;width:calc(100%);\" target=\"_self\" href=\"\/es\/evaluacion-lasik\/\"><span class=\"fusion-button-text awb-button__text awb-button__text--default\">Regresar a Evaluaci\u00f3n<\/span><\/a><\/div><\/div><\/div><\/div><\/div>\n","protected":false},"excerpt":{"rendered":"","protected":false},"author":9,"featured_media":0,"parent":4564,"menu_order":0,"comment_status":"closed","ping_status":"closed","template":"100-width.php","meta":{"footnotes":""},"class_list":["post-4567","page","type-page","status-publish","hentry"],"yoast_head":"<!-- This site is optimized with the Yoast SEO plugin v27.3 - https:\/\/yoast.com\/product\/yoast-seo-wordpress\/ -->\n<title>\u00a1No Calificas para Cirug\u00eda LASIK en Este Momento \u2013 Columbus LASIK Vision<\/title>\n<meta name=\"description\" content=\"Actualmente no calificas para la cirug\u00eda LASIK debido a ciertas condiciones m\u00e9dicas o edad. Consulta con nuestro equipo para explorar otras opciones de correcci\u00f3n visual.\" \/>\n<meta name=\"robots\" content=\"index, follow, max-snippet:-1, max-image-preview:large, max-video-preview:-1\" \/>\n<link rel=\"canonical\" href=\"https:\/\/www.columbuslasikvision.com\/es\/evaluacion-lasik\/no-calificas-para-lasik\/\" \/>\n<meta property=\"og:locale\" content=\"es_ES\" \/>\n<meta property=\"og:type\" content=\"article\" \/>\n<meta property=\"og:title\" content=\"\u00a1No Calificas para Cirug\u00eda LASIK en Este Momento \u2013 Columbus LASIK Vision\" \/>\n<meta property=\"og:description\" content=\"Actualmente no calificas para la cirug\u00eda LASIK debido a ciertas condiciones m\u00e9dicas o edad. Consulta con nuestro equipo para explorar otras opciones de correcci\u00f3n visual.\" \/>\n<meta property=\"og:url\" content=\"https:\/\/www.columbuslasikvision.com\/es\/evaluacion-lasik\/no-calificas-para-lasik\/\" \/>\n<meta property=\"og:site_name\" content=\"Columbus Lasik Vision Centers\" \/>\n<meta property=\"article:modified_time\" content=\"2025-10-10T15:58:17+00:00\" \/>\n<meta name=\"twitter:card\" content=\"summary_large_image\" \/>\n<meta name=\"twitter:label1\" content=\"Tiempo de lectura\" \/>\n\t<meta name=\"twitter:data1\" content=\"1 minuto\" \/>\n<script type=\"application\/ld+json\" class=\"yoast-schema-graph\">{\"@context\":\"https:\\\/\\\/schema.org\",\"@graph\":[{\"@type\":\"WebPage\",\"@id\":\"https:\\\/\\\/www.columbuslasikvision.com\\\/es\\\/evaluacion-lasik\\\/no-calificas-para-lasik\\\/\",\"url\":\"https:\\\/\\\/www.columbuslasikvision.com\\\/es\\\/evaluacion-lasik\\\/no-calificas-para-lasik\\\/\",\"name\":\"\u00a1No Calificas para Cirug\u00eda LASIK en Este Momento \u2013 Columbus LASIK Vision\",\"isPartOf\":{\"@id\":\"https:\\\/\\\/www.columbuslasikvision.com\\\/#website\"},\"datePublished\":\"2025-03-28T22:55:06+00:00\",\"dateModified\":\"2025-10-10T15:58:17+00:00\",\"description\":\"Actualmente no calificas para la cirug\u00eda LASIK debido a ciertas condiciones m\u00e9dicas o edad. Consulta con nuestro equipo para explorar otras opciones de correcci\u00f3n visual.\",\"breadcrumb\":{\"@id\":\"https:\\\/\\\/www.columbuslasikvision.com\\\/es\\\/evaluacion-lasik\\\/no-calificas-para-lasik\\\/#breadcrumb\"},\"inLanguage\":\"es\",\"potentialAction\":[{\"@type\":\"ReadAction\",\"target\":[\"https:\\\/\\\/www.columbuslasikvision.com\\\/es\\\/evaluacion-lasik\\\/no-calificas-para-lasik\\\/\"]}]},{\"@type\":\"BreadcrumbList\",\"@id\":\"https:\\\/\\\/www.columbuslasikvision.com\\\/es\\\/evaluacion-lasik\\\/no-calificas-para-lasik\\\/#breadcrumb\",\"itemListElement\":[{\"@type\":\"ListItem\",\"position\":1,\"name\":\"Home\",\"item\":\"https:\\\/\\\/www.columbuslasikvision.com\\\/es\\\/\"},{\"@type\":\"ListItem\",\"position\":2,\"name\":\"Evaluaci\u00f3n LASIK\",\"item\":\"https:\\\/\\\/www.columbuslasikvision.com\\\/es\\\/evaluacion-lasik\\\/\"},{\"@type\":\"ListItem\",\"position\":3,\"name\":\"Lo Sentimos no calificas a LASIK\"}]},{\"@type\":\"WebSite\",\"@id\":\"https:\\\/\\\/www.columbuslasikvision.com\\\/#website\",\"url\":\"https:\\\/\\\/www.columbuslasikvision.com\\\/\",\"name\":\"Columbus LASIK Vision, Philadelphia\",\"description\":\"Quality LASIK $999 per eye\",\"publisher\":{\"@id\":\"https:\\\/\\\/www.columbuslasikvision.com\\\/#organization\"},\"potentialAction\":[{\"@type\":\"SearchAction\",\"target\":{\"@type\":\"EntryPoint\",\"urlTemplate\":\"https:\\\/\\\/www.columbuslasikvision.com\\\/?s={search_term_string}\"},\"query-input\":{\"@type\":\"PropertyValueSpecification\",\"valueRequired\":true,\"valueName\":\"search_term_string\"}}],\"inLanguage\":\"es\"},{\"@type\":\"Organization\",\"@id\":\"https:\\\/\\\/www.columbuslasikvision.com\\\/#organization\",\"name\":\"Columbus Lasik Vision\",\"url\":\"https:\\\/\\\/www.columbuslasikvision.com\\\/\",\"logo\":{\"@type\":\"ImageObject\",\"inLanguage\":\"es\",\"@id\":\"https:\\\/\\\/www.columbuslasikvision.com\\\/#\\\/schema\\\/logo\\\/image\\\/\",\"url\":\"https:\\\/\\\/www.columbuslasikvision.com\\\/wp-content\\\/uploads\\\/2019\\\/03\\\/social-logo.png\",\"contentUrl\":\"https:\\\/\\\/www.columbuslasikvision.com\\\/wp-content\\\/uploads\\\/2019\\\/03\\\/social-logo.png\",\"width\":1200,\"height\":630,\"caption\":\"Columbus Lasik Vision\"},\"image\":{\"@id\":\"https:\\\/\\\/www.columbuslasikvision.com\\\/#\\\/schema\\\/logo\\\/image\\\/\"}}]}<\/script>\n<!-- \/ Yoast SEO plugin. -->","yoast_head_json":{"title":"\u00a1No Calificas para Cirug\u00eda LASIK en Este Momento \u2013 Columbus LASIK Vision","description":"Actualmente no calificas para la cirug\u00eda LASIK debido a ciertas condiciones m\u00e9dicas o edad. Consulta con nuestro equipo para explorar otras opciones de correcci\u00f3n visual.","robots":{"index":"index","follow":"follow","max-snippet":"max-snippet:-1","max-image-preview":"max-image-preview:large","max-video-preview":"max-video-preview:-1"},"canonical":"https:\/\/www.columbuslasikvision.com\/es\/evaluacion-lasik\/no-calificas-para-lasik\/","og_locale":"es_ES","og_type":"article","og_title":"\u00a1No Calificas para Cirug\u00eda LASIK en Este Momento \u2013 Columbus LASIK Vision","og_description":"Actualmente no calificas para la cirug\u00eda LASIK debido a ciertas condiciones m\u00e9dicas o edad. Consulta con nuestro equipo para explorar otras opciones de correcci\u00f3n visual.","og_url":"https:\/\/www.columbuslasikvision.com\/es\/evaluacion-lasik\/no-calificas-para-lasik\/","og_site_name":"Columbus Lasik Vision Centers","article_modified_time":"2025-10-10T15:58:17+00:00","twitter_card":"summary_large_image","twitter_misc":{"Tiempo de lectura":"1 minuto"},"schema":{"@context":"https:\/\/schema.org","@graph":[{"@type":"WebPage","@id":"https:\/\/www.columbuslasikvision.com\/es\/evaluacion-lasik\/no-calificas-para-lasik\/","url":"https:\/\/www.columbuslasikvision.com\/es\/evaluacion-lasik\/no-calificas-para-lasik\/","name":"\u00a1No Calificas para Cirug\u00eda LASIK en Este Momento \u2013 Columbus LASIK Vision","isPartOf":{"@id":"https:\/\/www.columbuslasikvision.com\/#website"},"datePublished":"2025-03-28T22:55:06+00:00","dateModified":"2025-10-10T15:58:17+00:00","description":"Actualmente no calificas para la cirug\u00eda LASIK debido a ciertas condiciones m\u00e9dicas o edad. Consulta con nuestro equipo para explorar otras opciones de correcci\u00f3n visual.","breadcrumb":{"@id":"https:\/\/www.columbuslasikvision.com\/es\/evaluacion-lasik\/no-calificas-para-lasik\/#breadcrumb"},"inLanguage":"es","potentialAction":[{"@type":"ReadAction","target":["https:\/\/www.columbuslasikvision.com\/es\/evaluacion-lasik\/no-calificas-para-lasik\/"]}]},{"@type":"BreadcrumbList","@id":"https:\/\/www.columbuslasikvision.com\/es\/evaluacion-lasik\/no-calificas-para-lasik\/#breadcrumb","itemListElement":[{"@type":"ListItem","position":1,"name":"Home","item":"https:\/\/www.columbuslasikvision.com\/es\/"},{"@type":"ListItem","position":2,"name":"Evaluaci\u00f3n LASIK","item":"https:\/\/www.columbuslasikvision.com\/es\/evaluacion-lasik\/"},{"@type":"ListItem","position":3,"name":"Lo Sentimos no calificas a LASIK"}]},{"@type":"WebSite","@id":"https:\/\/www.columbuslasikvision.com\/#website","url":"https:\/\/www.columbuslasikvision.com\/","name":"Columbus LASIK Vision, Philadelphia","description":"Quality LASIK $999 per eye","publisher":{"@id":"https:\/\/www.columbuslasikvision.com\/#organization"},"potentialAction":[{"@type":"SearchAction","target":{"@type":"EntryPoint","urlTemplate":"https:\/\/www.columbuslasikvision.com\/?s={search_term_string}"},"query-input":{"@type":"PropertyValueSpecification","valueRequired":true,"valueName":"search_term_string"}}],"inLanguage":"es"},{"@type":"Organization","@id":"https:\/\/www.columbuslasikvision.com\/#organization","name":"Columbus Lasik Vision","url":"https:\/\/www.columbuslasikvision.com\/","logo":{"@type":"ImageObject","inLanguage":"es","@id":"https:\/\/www.columbuslasikvision.com\/#\/schema\/logo\/image\/","url":"https:\/\/www.columbuslasikvision.com\/wp-content\/uploads\/2019\/03\/social-logo.png","contentUrl":"https:\/\/www.columbuslasikvision.com\/wp-content\/uploads\/2019\/03\/social-logo.png","width":1200,"height":630,"caption":"Columbus Lasik Vision"},"image":{"@id":"https:\/\/www.columbuslasikvision.com\/#\/schema\/logo\/image\/"}}]}},"_links":{"self":[{"href":"https:\/\/www.columbuslasikvision.com\/es\/wp-json\/wp\/v2\/pages\/4567","targetHints":{"allow":["GET"]}}],"collection":[{"href":"https:\/\/www.columbuslasikvision.com\/es\/wp-json\/wp\/v2\/pages"}],"about":[{"href":"https:\/\/www.columbuslasikvision.com\/es\/wp-json\/wp\/v2\/types\/page"}],"author":[{"embeddable":true,"href":"https:\/\/www.columbuslasikvision.com\/es\/wp-json\/wp\/v2\/users\/9"}],"replies":[{"embeddable":true,"href":"https:\/\/www.columbuslasikvision.com\/es\/wp-json\/wp\/v2\/comments?post=4567"}],"version-history":[{"count":0,"href":"https:\/\/www.columbuslasikvision.com\/es\/wp-json\/wp\/v2\/pages\/4567\/revisions"}],"up":[{"embeddable":true,"href":"https:\/\/www.columbuslasikvision.com\/es\/wp-json\/wp\/v2\/pages\/4564"}],"wp:attachment":[{"href":"https:\/\/www.columbuslasikvision.com\/es\/wp-json\/wp\/v2\/media?parent=4567"}],"curies":[{"name":"wp","href":"https:\/\/api.w.org\/{rel}","templated":true}]}}